{"id":1164,"date":"2017-10-13T16:36:22","date_gmt":"2017-10-13T14:36:22","guid":{"rendered":"https:\/\/www.hotelacquarius.it\/rooms\/"},"modified":"2025-07-04T10:23:48","modified_gmt":"2025-07-04T08:23:48","slug":"zimmer","status":"publish","type":"page","link":"https:\/\/www.hotelacquarius.it\/de\/zimmer\/","title":{"rendered":"Zimmer"},"content":{"rendered":"<style>.simple:nth-child(3){padding-bottom:0 !important;}.simple:nth-child(4){padding-top:0 !important;}.simple:nth-child(6){padding:0 !important;}.ravis-title{display: none;}i.stoca{font-size:1.5em !important; border:1px solid #969696; padding:6px; border-radius:20px; background-color:#969696; color:#FFFFFF;}ul.serv{list-style-type:none !important; margin:0 !important; padding:0 !important;}li.serviz{margin-bottom:15px;}<\/style>\n\n\t\t\t\t<section id=\"welcome-section\" class=\"simple \">\n\t\t\t\t\t<div class=\"inner-container container\">\n\t\t\t\t\t\t<div class=\"l-sec \">\n\t\t\t\t\t\t\t<div class=\"ravis-title-t-1\">\n\t\t\t\t\t\t\t\t<div class=\"title\"><span>Die Zimmer<\/span><\/div>\n\t\t\t\t\t\t\t\t<div class=\"sub-title\"><\/div>\n\t\t\t\t\t\t\t<\/div>\n\t\t\t\t\t\t\t<div class=\"content\">Das Hotel blickt mit einer Seite direkt auf das Meer und auf der anderen Seite befindet sich eine ruhige Wohngegend im Gr\u00fcnen. Die k\u00fcrzlich renovierten Zimmer befinden sich auf mehreren Etagen des Hotels. Sie bieten neue M\u00f6bel, die funktional, komfortabel und hell sind. Unter den verschiedenen Zimmerarten gibt es einige mit Balkon und andere mit gro\u00dfer Terrasse mit Panoramablick auf das Meer.<\/div><\/div>\n\t\t\t\t\t<\/div>\n\t\t\t\t<\/section>\n<div class=\"inner-container container\">\n<div class=\"l-sec col-md-12 ravis-title-t-1\">\n<div class=\"sub-title\">Zimmerservice<\/div>\n<\/div>\n<div class=\"l-sec col-md-4\">\n<ul class=\"serv\">\n<li class=\"serviz\"><i class=\"fa fa-tv stoca\"><\/i>\u00a0\u00a0Satellitenfernseher<\/li>\n<li class=\"serviz\"><i class=\"ravis-icon-thermometer-cold-temperature stoca\"><\/i>\u00a0\u00a0Klimaanlage<\/li>\n<li class=\"serviz\"><i class=\"ravis-icon-thermometer-high-temperature stoca\"><\/i>\u00a0\u00a0Heizung<\/li>\n<\/ul>\n<\/div>\n<div class=\"l-sec col-md-4\">\n<ul class=\"serv\">\n<li class=\"serviz\"><i class=\"fa fa-wifi stoca\"><\/i>\u00a0\u00a0Kostenloses WLAN<\/li>\n<li class=\"serviz\"><i class=\"ravis-icon-toilet-sign stoca\"><\/i>\u00a0\u00a0Private Dienstleistungenz<\/li>\n<li class=\"serviz\"><i class=\"ravis-icon-safebox stoca\"><\/i>\u00a0\u00a0Safe<\/li>\n<\/ul>\n<\/div>\n<div class=\"l-sec col-md-4\">\n<ul class=\"serv\">\n<li class=\"serviz\"><i class=\"fa fa-phone stoca\"><\/i>\u00a0\u00a0Telefon<\/li>\n<li class=\"serviz\"><i class=\"ravis-icon-nightstand stoca\"><\/i>\u00a0\u00a0Minibar<\/li>\n<\/ul>\n<\/div>\n<\/div>\n<p><section id=\"luxury-rooms\" class=\"clearfix\">\n\t\t\t\t\t\t<div class=\"room-boxes col-sm-6 col-md-3\">\n\t\t\t\t\t\t\t<a href=\"https:\/\/www.hotelacquarius.it\/de\/rooms\/king-room\/\" class=\"inner-container\" data-bg=\"https:\/\/www.hotelacquarius.it\/wp-content\/uploads\/king_suite_01.jpg\">\n\t\t\t\t\t\t\t\t<span class=\"ravis-title\">\n\t\t\t\t\t\t\t\t\t<span class=\"inner-box\">\n\t\t\t\t\t\t\t\t\t\t<span class=\"title\">King Room<\/span>\n\t\t\t\t\t\t\t\t\t\t<span class=\"sub-title\">Meerseite mit Sonnenterrasse<\/span>\n\t\t\t\t\t\t\t\t\t<\/span>\n\t\t\t\t\t\t\t\t<\/span>\n\t\t\t\t\t\t\t<\/a>\n\t\t\t\t\t\t<\/div>\n\t\t\t\t\t\t<div class=\"room-boxes col-sm-6 col-md-3\">\n\t\t\t\t\t\t\t<a href=\"https:\/\/www.hotelacquarius.it\/de\/rooms\/see-view-bedroom\/\" class=\"inner-container\" data-bg=\"https:\/\/www.hotelacquarius.it\/wp-content\/uploads\/see_view_01.jpg\">\n\t\t\t\t\t\t\t\t<span class=\"ravis-title\">\n\t\t\t\t\t\t\t\t\t<span class=\"inner-box\">\n\t\t\t\t\t\t\t\t\t\t<span class=\"title\">See View Bedroom<\/span>\n\t\t\t\t\t\t\t\t\t\t<span class=\"sub-title\">Meerseite mit Balkon<\/span>\n\t\t\t\t\t\t\t\t\t<\/span>\n\t\t\t\t\t\t\t\t<\/span>\n\t\t\t\t\t\t\t<\/a>\n\t\t\t\t\t\t<\/div>\n\t\t\t\t\t\t<div class=\"room-boxes col-sm-6 col-md-3\">\n\t\t\t\t\t\t\t<a href=\"https:\/\/www.hotelacquarius.it\/de\/rooms\/small-one-bedroom\/\" class=\"inner-container\" data-bg=\"https:\/\/www.hotelacquarius.it\/wp-content\/uploads\/small_one_01.jpg\">\n\t\t\t\t\t\t\t\t<span class=\"ravis-title\">\n\t\t\t\t\t\t\t\t\t<span class=\"inner-box\">\n\t\t\t\t\t\t\t\t\t\t<span class=\"title\">Small One Bedroom<\/span>\n\t\t\t\t\t\t\t\t\t\t<span class=\"sub-title\">Meerseite mit Balkon<\/span>\n\t\t\t\t\t\t\t\t\t<\/span>\n\t\t\t\t\t\t\t\t<\/span>\n\t\t\t\t\t\t\t<\/a>\n\t\t\t\t\t\t<\/div>\n\t\t\t\t\t\t<div class=\"room-boxes col-sm-6 col-md-3\">\n\t\t\t\t\t\t\t<a href=\"https:\/\/www.hotelacquarius.it\/de\/rooms\/standard-bedroom\/\" class=\"inner-container\" data-bg=\"https:\/\/www.hotelacquarius.it\/wp-content\/uploads\/standard_01.jpg\">\n\t\t\t\t\t\t\t\t<span class=\"ravis-title\">\n\t\t\t\t\t\t\t\t\t<span class=\"inner-box\">\n\t\t\t\t\t\t\t\t\t\t<span class=\"title\">Standard Bedroom<\/span>\n\t\t\t\t\t\t\t\t\t\t<span class=\"sub-title\">Ohne Balkon<\/span>\n\t\t\t\t\t\t\t\t\t<\/span>\n\t\t\t\t\t\t\t\t<\/span>\n\t\t\t\t\t\t\t<\/a>\n\t\t\t\t\t\t<\/div><\/section>\n\t\t\t\t<section id=\"welcome-section\" class=\"simple \">\n\t\t\t\t\t<div class=\"inner-container container\">\n\t\t\t\t\t\t<div class=\"l-sec \">\n\t\t\t\t\t\t\t<div class=\"ravis-title-t-1\">\n\t\t\t\t\t\t\t\t<div class=\"title\"><span><\/span><\/div>\n\t\t\t\t\t\t\t\t<div class=\"sub-title\"><\/div>\n\t\t\t\t\t\t\t<\/div>\n\t\t\t\t\t\t\t<div class=\"content\"><\/div><\/div>\n\t\t\t\t\t<\/div>\n\t\t\t\t<\/section><\/p>\n","protected":false},"excerpt":{"rendered":"<p>Zimmerservice \u00a0\u00a0Satellitenfernseher \u00a0\u00a0Klimaanlage \u00a0\u00a0Heizung \u00a0\u00a0Kostenloses WLAN \u00a0\u00a0Private Dienstleistungenz \u00a0\u00a0Safe \u00a0\u00a0Telefon \u00a0\u00a0Minibar<\/p>\n","protected":false},"author":1,"featured_media":0,"parent":0,"menu_order":2,"comment_status":"closed","ping_status":"closed","template":"","meta":{"footnotes":""},"class_list":["post-1164","page","type-page","status-publish","hentry"],"yoast_head":"<!-- This site is optimized with the Yoast SEO plugin v26.3 - https:\/\/yoast.com\/wordpress\/plugins\/seo\/ -->\n<title>Die Zimmer von Hotel Acquarius, Marina di Campo, Insel Elba<\/title>\n<meta name=\"description\" content=\"Die k\u00fcrzlich renovierten Zimmer befinden sich auf mehreren Etagen des Hotels. Sie bieten neue M\u00f6bel, die funktional, komfortabel und hell sind.\" \/>\n<meta name=\"robots\" content=\"index, follow, max-snippet:-1, max-image-preview:large, max-video-preview:-1\" \/>\n<link rel=\"canonical\" href=\"https:\/\/www.hotelacquarius.it\/de\/zimmer\/\" \/>\n<meta property=\"og:locale\" content=\"de_DE\" \/>\n<meta property=\"og:type\" content=\"article\" \/>\n<meta property=\"og:title\" content=\"Die Zimmer von Hotel Acquarius, Marina di Campo, Insel Elba\" \/>\n<meta property=\"og:description\" content=\"Die k\u00fcrzlich renovierten Zimmer befinden sich auf mehreren Etagen des Hotels. Sie bieten neue M\u00f6bel, die funktional, komfortabel und hell sind.\" \/>\n<meta property=\"og:url\" content=\"https:\/\/www.hotelacquarius.it\/de\/zimmer\/\" \/>\n<meta property=\"og:site_name\" content=\"Hotel Acquarius\" \/>\n<meta property=\"article:modified_time\" content=\"2025-07-04T08:23:48+00:00\" \/>\n<meta name=\"twitter:card\" content=\"summary_large_image\" \/>\n<script type=\"application\/ld+json\" class=\"yoast-schema-graph\">{\"@context\":\"https:\/\/schema.org\",\"@graph\":[{\"@type\":\"WebPage\",\"@id\":\"https:\/\/www.hotelacquarius.it\/de\/zimmer\/\",\"url\":\"https:\/\/www.hotelacquarius.it\/de\/zimmer\/\",\"name\":\"Die Zimmer von Hotel Acquarius, Marina di Campo, Insel Elba\",\"isPartOf\":{\"@id\":\"https:\/\/www.hotelacquarius.it\/en\/#website\"},\"datePublished\":\"2017-10-13T14:36:22+00:00\",\"dateModified\":\"2025-07-04T08:23:48+00:00\",\"description\":\"Die k\u00fcrzlich renovierten Zimmer befinden sich auf mehreren Etagen des Hotels. Sie bieten neue M\u00f6bel, die funktional, komfortabel und hell sind.\",\"breadcrumb\":{\"@id\":\"https:\/\/www.hotelacquarius.it\/de\/zimmer\/#breadcrumb\"},\"inLanguage\":\"de\",\"potentialAction\":[{\"@type\":\"ReadAction\",\"target\":[\"https:\/\/www.hotelacquarius.it\/de\/zimmer\/\"]}]},{\"@type\":\"BreadcrumbList\",\"@id\":\"https:\/\/www.hotelacquarius.it\/de\/zimmer\/#breadcrumb\",\"itemListElement\":[{\"@type\":\"ListItem\",\"position\":1,\"name\":\"Home\",\"item\":\"https:\/\/www.hotelacquarius.it\/de\/\"},{\"@type\":\"ListItem\",\"position\":2,\"name\":\"Zimmer\"}]},{\"@type\":\"WebSite\",\"@id\":\"https:\/\/www.hotelacquarius.it\/en\/#website\",\"url\":\"https:\/\/www.hotelacquarius.it\/en\/\",\"name\":\"Hotel Acquarius\",\"description\":\"Marina di Campo, Isola d&#039;Elba\",\"potentialAction\":[{\"@type\":\"SearchAction\",\"target\":{\"@type\":\"EntryPoint\",\"urlTemplate\":\"https:\/\/www.hotelacquarius.it\/en\/?s={search_term_string}\"},\"query-input\":{\"@type\":\"PropertyValueSpecification\",\"valueRequired\":true,\"valueName\":\"search_term_string\"}}],\"inLanguage\":\"de\"}]}<\/script>\n<!-- \/ Yoast SEO plugin. -->","yoast_head_json":{"title":"Die Zimmer von Hotel Acquarius, Marina di Campo, Insel Elba","description":"Die k\u00fcrzlich renovierten Zimmer befinden sich auf mehreren Etagen des Hotels. Sie bieten neue M\u00f6bel, die funktional, komfortabel und hell sind.","robots":{"index":"index","follow":"follow","max-snippet":"max-snippet:-1","max-image-preview":"max-image-preview:large","max-video-preview":"max-video-preview:-1"},"canonical":"https:\/\/www.hotelacquarius.it\/de\/zimmer\/","og_locale":"de_DE","og_type":"article","og_title":"Die Zimmer von Hotel Acquarius, Marina di Campo, Insel Elba","og_description":"Die k\u00fcrzlich renovierten Zimmer befinden sich auf mehreren Etagen des Hotels. Sie bieten neue M\u00f6bel, die funktional, komfortabel und hell sind.","og_url":"https:\/\/www.hotelacquarius.it\/de\/zimmer\/","og_site_name":"Hotel Acquarius","article_modified_time":"2025-07-04T08:23:48+00:00","twitter_card":"summary_large_image","schema":{"@context":"https:\/\/schema.org","@graph":[{"@type":"WebPage","@id":"https:\/\/www.hotelacquarius.it\/de\/zimmer\/","url":"https:\/\/www.hotelacquarius.it\/de\/zimmer\/","name":"Die Zimmer von Hotel Acquarius, Marina di Campo, Insel Elba","isPartOf":{"@id":"https:\/\/www.hotelacquarius.it\/en\/#website"},"datePublished":"2017-10-13T14:36:22+00:00","dateModified":"2025-07-04T08:23:48+00:00","description":"Die k\u00fcrzlich renovierten Zimmer befinden sich auf mehreren Etagen des Hotels. Sie bieten neue M\u00f6bel, die funktional, komfortabel und hell sind.","breadcrumb":{"@id":"https:\/\/www.hotelacquarius.it\/de\/zimmer\/#breadcrumb"},"inLanguage":"de","potentialAction":[{"@type":"ReadAction","target":["https:\/\/www.hotelacquarius.it\/de\/zimmer\/"]}]},{"@type":"BreadcrumbList","@id":"https:\/\/www.hotelacquarius.it\/de\/zimmer\/#breadcrumb","itemListElement":[{"@type":"ListItem","position":1,"name":"Home","item":"https:\/\/www.hotelacquarius.it\/de\/"},{"@type":"ListItem","position":2,"name":"Zimmer"}]},{"@type":"WebSite","@id":"https:\/\/www.hotelacquarius.it\/en\/#website","url":"https:\/\/www.hotelacquarius.it\/en\/","name":"Hotel Acquarius","description":"Marina di Campo, Isola d&#039;Elba","potentialAction":[{"@type":"SearchAction","target":{"@type":"EntryPoint","urlTemplate":"https:\/\/www.hotelacquarius.it\/en\/?s={search_term_string}"},"query-input":{"@type":"PropertyValueSpecification","valueRequired":true,"valueName":"search_term_string"}}],"inLanguage":"de"}]}},"_links":{"self":[{"href":"https:\/\/www.hotelacquarius.it\/de\/wp-json\/wp\/v2\/pages\/1164","targetHints":{"allow":["GET"]}}],"collection":[{"href":"https:\/\/www.hotelacquarius.it\/de\/wp-json\/wp\/v2\/pages"}],"about":[{"href":"https:\/\/www.hotelacquarius.it\/de\/wp-json\/wp\/v2\/types\/page"}],"author":[{"embeddable":true,"href":"https:\/\/www.hotelacquarius.it\/de\/wp-json\/wp\/v2\/users\/1"}],"replies":[{"embeddable":true,"href":"https:\/\/www.hotelacquarius.it\/de\/wp-json\/wp\/v2\/comments?post=1164"}],"version-history":[{"count":4,"href":"https:\/\/www.hotelacquarius.it\/de\/wp-json\/wp\/v2\/pages\/1164\/revisions"}],"predecessor-version":[{"id":1684,"href":"https:\/\/www.hotelacquarius.it\/de\/wp-json\/wp\/v2\/pages\/1164\/revisions\/1684"}],"wp:attachment":[{"href":"https:\/\/www.hotelacquarius.it\/de\/wp-json\/wp\/v2\/media?parent=1164"}],"curies":[{"name":"wp","href":"https:\/\/api.w.org\/{rel}","templated":true}]}}