{"id":1180,"date":"2017-10-13T16:41:31","date_gmt":"2017-10-13T14:41:31","guid":{"rendered":"https:\/\/www.hotelacquarius.it\/dove-siamo\/"},"modified":"2017-11-03T09:15:12","modified_gmt":"2017-11-03T08:15:12","slug":"lage","status":"publish","type":"page","link":"https:\/\/www.hotelacquarius.it\/de\/lage\/","title":{"rendered":"Lage"},"content":{"rendered":"<style>.simple:nth-child(6){padding-bottom:0 !important;}.simple:nth-child(7), .simple:nth-child(8), .simple:nth-child(9){padding:0 !important;}.simple:nth-child(10){padding-top:0 !important;}.ravis-title{display: none;}<\/style>\n\n\t\t\t\t<section id=\"welcome-section\" class=\"simple \">\n\t\t\t\t\t<div class=\"inner-container container\">\n\t\t\t\t\t\t<div class=\"l-sec \">\n\t\t\t\t\t\t\t<div class=\"ravis-title-t-1\">\n\t\t\t\t\t\t\t\t<div class=\"title\"><span>Lage<\/span><\/div>\n\t\t\t\t\t\t\t\t<div class=\"sub-title\"><\/div>\n\t\t\t\t\t\t\t<\/div>\n\t\t\t\t\t\t\t<div class=\"content\"><\/div><\/div>\n\t\t\t\t\t<\/div>\n\t\t\t\t<\/section>\n<div class=\"inner-container container\">\n<div class=\"col-md-8\"><div id=\"wpgmza_map\" class=\"wpgmza_map\" data-settings=\"{&quot;id&quot;:&quot;1&quot;,&quot;map_title&quot;:&quot;Hotel Acquarius&quot;,&quot;map_width&quot;:&quot;100&quot;,&quot;map_height&quot;:&quot;500&quot;,&quot;map_start_lat&quot;:&quot;42.747103&quot;,&quot;map_start_lng&quot;:&quot;10.239056&quot;,&quot;map_start_location&quot;:&quot;42.74710284903875,10.239056439147927&quot;,&quot;map_start_zoom&quot;:&quot;15&quot;,&quot;default_marker&quot;:&quot;0&quot;,&quot;type&quot;:&quot;1&quot;,&quot;alignment&quot;:&quot;1&quot;,&quot;directions_enabled&quot;:&quot;1&quot;,&quot;styling_enabled&quot;:&quot;0&quot;,&quot;styling_json&quot;:&quot;&quot;,&quot;active&quot;:&quot;0&quot;,&quot;kml&quot;:&quot;&quot;,&quot;bicycle&quot;:&quot;0&quot;,&quot;traffic&quot;:&quot;0&quot;,&quot;dbox&quot;:&quot;1&quot;,&quot;dbox_width&quot;:&quot;100&quot;,&quot;listmarkers&quot;:&quot;0&quot;,&quot;listmarkers_advanced&quot;:&quot;0&quot;,&quot;filterbycat&quot;:&quot;0&quot;,&quot;ugm_enabled&quot;:&quot;0&quot;,&quot;ugm_category_enabled&quot;:&quot;0&quot;,&quot;fusion&quot;:&quot;&quot;,&quot;map_width_type&quot;:&quot;\\\\%&quot;,&quot;map_height_type&quot;:&quot;px&quot;,&quot;mass_marker_support&quot;:&quot;1&quot;,&quot;ugm_access&quot;:&quot;0&quot;,&quot;order_markers_by&quot;:&quot;1&quot;,&quot;order_markers_choice&quot;:&quot;2&quot;,&quot;show_user_location&quot;:&quot;0&quot;,&quot;default_to&quot;:&quot;&quot;,&quot;other_settings&quot;:{&quot;store_locator_enabled&quot;:2,&quot;store_locator_distance&quot;:2,&quot;store_locator_default_radius&quot;:&quot;10&quot;,&quot;store_locator_not_found_message&quot;:&quot;No results found in this location. Please try again.&quot;,&quot;store_locator_bounce&quot;:1,&quot;store_locator_query_string&quot;:&quot;CAP \\\/ Indirizzo:&quot;,&quot;store_locator_default_address&quot;:&quot;&quot;,&quot;wpgmza_store_locator_restrict&quot;:&quot;&quot;,&quot;map_max_zoom&quot;:&quot;1&quot;,&quot;transport_layer&quot;:0,&quot;wpgmza_theme_data&quot;:&quot;&quot;,&quot;wpgmza_show_points_of_interest&quot;:1}}\" data-map-id='1' Data-maps-engine='' data-shortcode-attributes=\"{&quot;id&quot;:&quot;1&quot;}\" style=\"display:block; overflow:auto; width:100%; height:500px; float:left;\"><\/div><\/div>\n<div class=\"col-md-4\"><i class=\"fa fa-map-marker\"><\/i> Via per Portoferraio 39, 57034 Campo nell&#8217;Elba (LI)<br \/><i class=\"fa fa-mobile\"><\/i> (+39) 340 95 86 436 (Winter)<br \/><i class=\"fa fa-phone\"><\/i> (+39) 0565 976931<br \/><i class=\"fa fa-fax\"><\/i> (+39) 0565 976932<br \/><i class=\"fa fa-envelope\"><\/i> info@hotelacquarius.it<\/div>\n<\/div>\n<div style=\"clear:both;\"><\/div>\n<p>\n\t\t\t\t<section id=\"welcome-section\" class=\"simple \">\n\t\t\t\t\t<div class=\"inner-container container\">\n\t\t\t\t\t\t<div class=\"l-sec \">\n\t\t\t\t\t\t\t<div class=\"ravis-title-t-1\">\n\t\t\t\t\t\t\t\t<div class=\"title\"><span>Wie erreichen Sie Elba<\/span><\/div>\n\t\t\t\t\t\t\t\t<div class=\"sub-title\"><\/div>\n\t\t\t\t\t\t\t<\/div>\n\t\t\t\t\t\t\t<div class=\"content\"><\/div><\/div>\n\t\t\t\t\t<\/div>\n\t\t\t\t<\/section>\n\t\t\t\t<section id=\"welcome-section\" class=\"simple \">\n\t\t\t\t\t<div class=\"inner-container container\">\n\t\t\t\t\t\t<div class=\"l-sec \">\n\t\t\t\t\t\t\t<div class=\"ravis-title-t-1\">\n\t\t\t\t\t\t\t\t<div class=\"title\"><span><\/span><\/div>\n\t\t\t\t\t\t\t\t<div class=\"sub-title\">Info F\u00e4hrgesellschaften<\/div>\n\t\t\t\t\t\t\t<\/div>\n\t\t\t\t\t\t\t<div class=\"content\">Die Insel Elba ist mit der F\u00e4hre von Piombino (LI) aus erreichbar.<br \/>In etwa einer Stunde erreicht man Portoferraio, die Hauptstadt der Insel, von wo aus man auch mit dem Bus oder Taxi in die verschiedenen Orte von Elba kommt.<br \/>Folgende F\u00e4hrgesellschaften bieten eine \u00dcberfahrt von Piombino nach Elba: Moby &amp; Toremar, Elba Ferries und BluNavy.<br \/>&nbsp;<br \/>In der Hochsaison f\u00e4hrt ca. jede halbe Stunde eine F\u00e4hre. Wir empfehlen jedoch, vor allem am Wochenende, die F\u00e4hre vor zu buchen.<br \/>Auf Anfrage bucht das Hotel Acquarius f\u00fcr Sie gerne Ihre F\u00e4hre ohne jeglicher Aufpreis. Oder buchen Sie selbst <a href='https:\/\/www.hotelacquarius.it\/de\/info-und-buchung\/faehrbuchung\/'>direkt online Ihre F\u00e4hre nach Elba<\/a>.<br \/>&nbsp;<br \/>Die F\u00e4hrtengesellschaft Toremar f\u00e4hrt auch den Hafen von Rio Marina an, in ca. 45 Minuten. F\u00fcr Passagiere ohne Auto bietet Toremar  ausserdem ein schnelles Tragfl\u00e4chenboot, das in nur 40 Minuten von Piombino nach Portoferraio f\u00e4hrt.<\/div><\/div>\n\t\t\t\t\t<\/div>\n\t\t\t\t<\/section>\n\t\t\t\t<section id=\"welcome-section\" class=\"simple \">\n\t\t\t\t\t<div class=\"inner-container container\">\n\t\t\t\t\t\t<div class=\"l-sec \">\n\t\t\t\t\t\t\t<div class=\"ravis-title-t-1\">\n\t\t\t\t\t\t\t\t<div class=\"title\"><span><\/span><\/div>\n\t\t\t\t\t\t\t\t<div class=\"sub-title\">Info Auto und Strasse<\/div>\n\t\t\t\t\t\t\t<\/div>\n\t\t\t\t\t\t\t<div class=\"content\"><\/p>\n<ul>\n<li>Von Norden: Von Mailand (A1) nehmen Sie die A15 in Richtung Parma Ovest,dann die A12 Genova-Livorno \u2013 Ausfahrt Rosignano.<br \/>Weiter auf der S.S. Aurelia bis Venturina-Elba und somit nach Piombino Marittima.<\/li>\n<li>Vom Nordosten: Autobahn A1 Bologna-Florenz-Pisa-Livorno: Ausfahrt Rosignano, weiter auf der S.S. Aurelia bis Venturina-Elba und somit nach Piombino Marittima.<br \/>Alternativ kann S.G.C. FI-PI-LI (Florenz-Pisa-Livorno): Ausfahrt Florenz (Firenze Signa) und folgen Sie der S.S. bis Collesalvetti, nehmen Sie die Autobahn bis Rosignano Marittima, dann bis Venturina-Isola d'Elba und von dort aus weiter nach Piombino Marittima.<\/li>\n<li>Vom S\u00fcden: Autobahn A12 Roma-Grosseto: S.S. Aurelia Ausfahrt Venturina-Elba, weiter nach Piombino Marittima.<\/li>\n<\/ul>\n<p><\/div><\/div>\n\t\t\t\t\t<\/div>\n\t\t\t\t<\/section>\n\t\t\t\t<section id=\"welcome-section\" class=\"simple \">\n\t\t\t\t\t<div class=\"inner-container container\">\n\t\t\t\t\t\t<div class=\"l-sec \">\n\t\t\t\t\t\t\t<div class=\"ravis-title-t-1\">\n\t\t\t\t\t\t\t\t<div class=\"title\"><span><\/span><\/div>\n\t\t\t\t\t\t\t\t<div class=\"sub-title\">Flug-Information<\/div>\n\t\t\t\t\t\t\t<\/div>\n\t\t\t\t\t\t\t<div class=\"content\">Die Insel Elba ist das ganze Jahr \u00fcber mit den Flugh\u00e4fen von Pisa, Florenz und Mailand, und in den Sommermonaten mit zahlreichen europ\u00e4ischen St\u00e4dten verbunden.<br \/>Um Flugzeiten zu erfahren, empfehlen wir Ihnen, <a rel='nofollow' target='_blank' href='http:\/\/www.silverairitalia.it\/'>Silver Air<\/a> und Elba Airport zu besuchen.<\/div><\/div>\n\t\t\t\t\t<\/div>\n\t\t\t\t<\/section>\n\t\t\t\t<section id=\"welcome-section\" class=\"simple \">\n\t\t\t\t\t<div class=\"inner-container container\">\n\t\t\t\t\t\t<div class=\"l-sec \">\n\t\t\t\t\t\t\t<div class=\"ravis-title-t-1\">\n\t\t\t\t\t\t\t\t<div class=\"title\"><span><\/span><\/div>\n\t\t\t\t\t\t\t\t<div class=\"sub-title\">Zug-Information<\/div>\n\t\t\t\t\t\t\t<\/div>\n\t\t\t\t\t\t\t<div class=\"content\">Der Ankunftsbahnhof ist Piombino Marittima, wo sich der Hafen befindet und ca. 100 m von der Ticketstation. Die Fahrpl\u00e4ne finden Sie online, wo Sie auch buchen k\u00f6nnen auf Trenitalia.<\/div><\/div>\n\t\t\t\t\t<\/div>\n\t\t\t\t<\/section><\/p>\n","protected":false},"excerpt":{"rendered":"<p>Via per Portoferraio 39, 57034 Campo nell&#8217;Elba (LI) (+39) 340 95 86 436 (Winter) (+39) 0565 976931 (+39) 0565 976932 info@hotelacquarius.it<\/p>\n","protected":false},"author":1,"featured_media":0,"parent":0,"menu_order":5,"comment_status":"closed","ping_status":"closed","template":"","meta":{"footnotes":""},"class_list":["post-1180","page","type-page","status-publish","hentry"],"yoast_head":"<!-- This site is optimized with the Yoast SEO plugin v26.3 - https:\/\/yoast.com\/wordpress\/plugins\/seo\/ -->\n<title>Lage Hotel Acquarius, Marina di Campo, Insel Elba<\/title>\n<meta name=\"description\" content=\"Hotel Acquarius: Via per Portoferraio 39, 57064, Campo nell&#039;Elba (LI), Insel Elba.\" \/>\n<meta name=\"robots\" content=\"index, follow, max-snippet:-1, max-image-preview:large, max-video-preview:-1\" \/>\n<link rel=\"canonical\" href=\"https:\/\/www.hotelacquarius.it\/de\/lage\/\" \/>\n<meta property=\"og:locale\" content=\"de_DE\" \/>\n<meta property=\"og:type\" content=\"article\" \/>\n<meta property=\"og:title\" content=\"Lage Hotel Acquarius, Marina di Campo, Insel Elba\" \/>\n<meta property=\"og:description\" content=\"Hotel Acquarius: Via per Portoferraio 39, 57064, Campo nell&#039;Elba (LI), Insel Elba.\" \/>\n<meta property=\"og:url\" content=\"https:\/\/www.hotelacquarius.it\/de\/lage\/\" \/>\n<meta property=\"og:site_name\" content=\"Hotel Acquarius\" \/>\n<meta property=\"article:modified_time\" content=\"2017-11-03T08:15:12+00:00\" \/>\n<meta name=\"twitter:card\" content=\"summary_large_image\" \/>\n<meta name=\"twitter:label1\" content=\"Gesch\u00e4tzte Lesezeit\" \/>\n\t<meta name=\"twitter:data1\" content=\"2\u00a0Minuten\" \/>\n<script type=\"application\/ld+json\" class=\"yoast-schema-graph\">{\"@context\":\"https:\/\/schema.org\",\"@graph\":[{\"@type\":\"WebPage\",\"@id\":\"https:\/\/www.hotelacquarius.it\/de\/lage\/\",\"url\":\"https:\/\/www.hotelacquarius.it\/de\/lage\/\",\"name\":\"Lage Hotel Acquarius, Marina di Campo, Insel Elba\",\"isPartOf\":{\"@id\":\"https:\/\/www.hotelacquarius.it\/en\/#website\"},\"datePublished\":\"2017-10-13T14:41:31+00:00\",\"dateModified\":\"2017-11-03T08:15:12+00:00\",\"description\":\"Hotel Acquarius: Via per Portoferraio 39, 57064, Campo nell'Elba (LI), Insel Elba.\",\"breadcrumb\":{\"@id\":\"https:\/\/www.hotelacquarius.it\/de\/lage\/#breadcrumb\"},\"inLanguage\":\"de\",\"potentialAction\":[{\"@type\":\"ReadAction\",\"target\":[\"https:\/\/www.hotelacquarius.it\/de\/lage\/\"]}]},{\"@type\":\"BreadcrumbList\",\"@id\":\"https:\/\/www.hotelacquarius.it\/de\/lage\/#breadcrumb\",\"itemListElement\":[{\"@type\":\"ListItem\",\"position\":1,\"name\":\"Home\",\"item\":\"https:\/\/www.hotelacquarius.it\/de\/\"},{\"@type\":\"ListItem\",\"position\":2,\"name\":\"Lage\"}]},{\"@type\":\"WebSite\",\"@id\":\"https:\/\/www.hotelacquarius.it\/en\/#website\",\"url\":\"https:\/\/www.hotelacquarius.it\/en\/\",\"name\":\"Hotel Acquarius\",\"description\":\"Marina di Campo, Isola d&#039;Elba\",\"potentialAction\":[{\"@type\":\"SearchAction\",\"target\":{\"@type\":\"EntryPoint\",\"urlTemplate\":\"https:\/\/www.hotelacquarius.it\/en\/?s={search_term_string}\"},\"query-input\":{\"@type\":\"PropertyValueSpecification\",\"valueRequired\":true,\"valueName\":\"search_term_string\"}}],\"inLanguage\":\"de\"}]}<\/script>\n<!-- \/ Yoast SEO plugin. -->","yoast_head_json":{"title":"Lage Hotel Acquarius, Marina di Campo, Insel Elba","description":"Hotel Acquarius: Via per Portoferraio 39, 57064, Campo nell'Elba (LI), Insel Elba.","robots":{"index":"index","follow":"follow","max-snippet":"max-snippet:-1","max-image-preview":"max-image-preview:large","max-video-preview":"max-video-preview:-1"},"canonical":"https:\/\/www.hotelacquarius.it\/de\/lage\/","og_locale":"de_DE","og_type":"article","og_title":"Lage Hotel Acquarius, Marina di Campo, Insel Elba","og_description":"Hotel Acquarius: Via per Portoferraio 39, 57064, Campo nell'Elba (LI), Insel Elba.","og_url":"https:\/\/www.hotelacquarius.it\/de\/lage\/","og_site_name":"Hotel Acquarius","article_modified_time":"2017-11-03T08:15:12+00:00","twitter_card":"summary_large_image","twitter_misc":{"Gesch\u00e4tzte Lesezeit":"2\u00a0Minuten"},"schema":{"@context":"https:\/\/schema.org","@graph":[{"@type":"WebPage","@id":"https:\/\/www.hotelacquarius.it\/de\/lage\/","url":"https:\/\/www.hotelacquarius.it\/de\/lage\/","name":"Lage Hotel Acquarius, Marina di Campo, Insel Elba","isPartOf":{"@id":"https:\/\/www.hotelacquarius.it\/en\/#website"},"datePublished":"2017-10-13T14:41:31+00:00","dateModified":"2017-11-03T08:15:12+00:00","description":"Hotel Acquarius: Via per Portoferraio 39, 57064, Campo nell'Elba (LI), Insel Elba.","breadcrumb":{"@id":"https:\/\/www.hotelacquarius.it\/de\/lage\/#breadcrumb"},"inLanguage":"de","potentialAction":[{"@type":"ReadAction","target":["https:\/\/www.hotelacquarius.it\/de\/lage\/"]}]},{"@type":"BreadcrumbList","@id":"https:\/\/www.hotelacquarius.it\/de\/lage\/#breadcrumb","itemListElement":[{"@type":"ListItem","position":1,"name":"Home","item":"https:\/\/www.hotelacquarius.it\/de\/"},{"@type":"ListItem","position":2,"name":"Lage"}]},{"@type":"WebSite","@id":"https:\/\/www.hotelacquarius.it\/en\/#website","url":"https:\/\/www.hotelacquarius.it\/en\/","name":"Hotel Acquarius","description":"Marina di Campo, Isola d&#039;Elba","potentialAction":[{"@type":"SearchAction","target":{"@type":"EntryPoint","urlTemplate":"https:\/\/www.hotelacquarius.it\/en\/?s={search_term_string}"},"query-input":{"@type":"PropertyValueSpecification","valueRequired":true,"valueName":"search_term_string"}}],"inLanguage":"de"}]}},"_links":{"self":[{"href":"https:\/\/www.hotelacquarius.it\/de\/wp-json\/wp\/v2\/pages\/1180","targetHints":{"allow":["GET"]}}],"collection":[{"href":"https:\/\/www.hotelacquarius.it\/de\/wp-json\/wp\/v2\/pages"}],"about":[{"href":"https:\/\/www.hotelacquarius.it\/de\/wp-json\/wp\/v2\/types\/page"}],"author":[{"embeddable":true,"href":"https:\/\/www.hotelacquarius.it\/de\/wp-json\/wp\/v2\/users\/1"}],"replies":[{"embeddable":true,"href":"https:\/\/www.hotelacquarius.it\/de\/wp-json\/wp\/v2\/comments?post=1180"}],"version-history":[{"count":3,"href":"https:\/\/www.hotelacquarius.it\/de\/wp-json\/wp\/v2\/pages\/1180\/revisions"}],"predecessor-version":[{"id":1184,"href":"https:\/\/www.hotelacquarius.it\/de\/wp-json\/wp\/v2\/pages\/1180\/revisions\/1184"}],"wp:attachment":[{"href":"https:\/\/www.hotelacquarius.it\/de\/wp-json\/wp\/v2\/media?parent=1180"}],"curies":[{"name":"wp","href":"https:\/\/api.w.org\/{rel}","templated":true}]}}