{"id":1189,"date":"2017-10-13T16:43:24","date_gmt":"2017-10-13T14:43:24","guid":{"rendered":"https:\/\/www.hotelacquarius.it\/lage\/marina-di-campo\/"},"modified":"2017-11-03T09:19:49","modified_gmt":"2017-11-03T08:19:49","slug":"marina-di-campo","status":"publish","type":"page","link":"https:\/\/www.hotelacquarius.it\/de\/lage\/marina-di-campo\/","title":{"rendered":"Marina di Campo"},"content":{"rendered":"<style>.simple:nth-child(3){padding-bottom:0 !important;}.simple:nth-child(4){padding-top:0 !important;}.ravis-title{display: none;}<\/style>\n\n\t\t\t\t<section id=\"welcome-section\" class=\"simple \">\n\t\t\t\t\t<div class=\"inner-container container\">\n\t\t\t\t\t\t<div class=\"l-sec \">\n\t\t\t\t\t\t\t<div class=\"ravis-title-t-1\">\n\t\t\t\t\t\t\t\t<div class=\"title\"><span>Marina di Campo<\/span><\/div>\n\t\t\t\t\t\t\t\t<div class=\"sub-title\"><\/div>\n\t\t\t\t\t\t\t<\/div>\n\t\t\t\t\t\t\t<div class=\"content\">Das Dorf Marina di Campo ist eines der wichtigsten Touristenorte der Insel Elba und bietet viele Dienstleistungen. Im Dorfzentrum, welches entlang der beiden Hauptstrassen Via Roma und Via Marconi verl\u00e4uft, und bis zum malerischen Hafen und dem \u00e4ltesten Dorfteil findet man viele Gesch\u00e4fte zum Einkaufen, Restaurants, Pizzerien und Bars. Das Dorf befindet sich auf der rechten Seite seiner gleichnamigen Bucht, entlang dessen sich der wundersch\u00f6ne Sandstrand erstreckt, der zum Teil mit Badeanstalten ausgestattet ist. In Marina di Campo finden w\u00e4hrend der Sommersaison zahlreiche Veranstaltungen statt, welche meist mit Musik, Kunst und beliebte Traditionen zu tun haben. Es finden ausserdem diverse Konzerte f\u00fcr ein junges Publikum statt. In der Nebensaison verwandelt sich der Ort in ein beliebtes Ziel f\u00fcr Sportler, dank dem seit Jahren stattfindenden Internationalen Triathlon Elbaman. Dieser findet j\u00e4hrlich im September statt. Ausserdem findet jeweils am ersten Sonntag im Mai der Elba-Marathon in Marina di Campo statt.<\/div><\/div>\n\t\t\t\t\t<\/div>\n\t\t\t\t<\/section>\n","protected":false},"excerpt":{"rendered":"","protected":false},"author":1,"featured_media":0,"parent":1180,"menu_order":1,"comment_status":"closed","ping_status":"closed","template":"","meta":{"footnotes":""},"class_list":["post-1189","page","type-page","status-publish","hentry"],"yoast_head":"<!-- This site is optimized with the Yoast SEO plugin v26.3 - https:\/\/yoast.com\/wordpress\/plugins\/seo\/ -->\n<title>Marina di Campo, Insel Elba - Hotel Acquarius<\/title>\n<meta name=\"description\" content=\"Das Dorf Marina di Campo ist eines der wichtigsten Touristenorte der Insel Elba und bietet viele Dienstleistungen.\" \/>\n<meta name=\"robots\" content=\"index, follow, max-snippet:-1, max-image-preview:large, max-video-preview:-1\" \/>\n<link rel=\"canonical\" href=\"https:\/\/www.hotelacquarius.it\/de\/lage\/marina-di-campo\/\" \/>\n<meta property=\"og:locale\" content=\"de_DE\" \/>\n<meta property=\"og:type\" content=\"article\" \/>\n<meta property=\"og:title\" content=\"Marina di Campo, Insel Elba - Hotel Acquarius\" \/>\n<meta property=\"og:description\" content=\"Das Dorf Marina di Campo ist eines der wichtigsten Touristenorte der Insel Elba und bietet viele Dienstleistungen.\" \/>\n<meta property=\"og:url\" content=\"https:\/\/www.hotelacquarius.it\/de\/lage\/marina-di-campo\/\" \/>\n<meta property=\"og:site_name\" content=\"Hotel Acquarius\" \/>\n<meta property=\"article:modified_time\" content=\"2017-11-03T08:19:49+00:00\" \/>\n<meta name=\"twitter:card\" content=\"summary_large_image\" \/>\n<meta name=\"twitter:label1\" content=\"Gesch\u00e4tzte Lesezeit\" \/>\n\t<meta name=\"twitter:data1\" content=\"1\u00a0Minute\" \/>\n<script type=\"application\/ld+json\" class=\"yoast-schema-graph\">{\"@context\":\"https:\/\/schema.org\",\"@graph\":[{\"@type\":\"WebPage\",\"@id\":\"https:\/\/www.hotelacquarius.it\/de\/lage\/marina-di-campo\/\",\"url\":\"https:\/\/www.hotelacquarius.it\/de\/lage\/marina-di-campo\/\",\"name\":\"Marina di Campo, Insel Elba - Hotel Acquarius\",\"isPartOf\":{\"@id\":\"https:\/\/www.hotelacquarius.it\/en\/#website\"},\"datePublished\":\"2017-10-13T14:43:24+00:00\",\"dateModified\":\"2017-11-03T08:19:49+00:00\",\"description\":\"Das Dorf Marina di Campo ist eines der wichtigsten Touristenorte der Insel Elba und bietet viele Dienstleistungen.\",\"breadcrumb\":{\"@id\":\"https:\/\/www.hotelacquarius.it\/de\/lage\/marina-di-campo\/#breadcrumb\"},\"inLanguage\":\"de\",\"potentialAction\":[{\"@type\":\"ReadAction\",\"target\":[\"https:\/\/www.hotelacquarius.it\/de\/lage\/marina-di-campo\/\"]}]},{\"@type\":\"BreadcrumbList\",\"@id\":\"https:\/\/www.hotelacquarius.it\/de\/lage\/marina-di-campo\/#breadcrumb\",\"itemListElement\":[{\"@type\":\"ListItem\",\"position\":1,\"name\":\"Home\",\"item\":\"https:\/\/www.hotelacquarius.it\/de\/\"},{\"@type\":\"ListItem\",\"position\":2,\"name\":\"Lage\",\"item\":\"https:\/\/www.hotelacquarius.it\/de\/lage\/\"},{\"@type\":\"ListItem\",\"position\":3,\"name\":\"Marina di Campo\"}]},{\"@type\":\"WebSite\",\"@id\":\"https:\/\/www.hotelacquarius.it\/en\/#website\",\"url\":\"https:\/\/www.hotelacquarius.it\/en\/\",\"name\":\"Hotel Acquarius\",\"description\":\"Marina di Campo, Isola d&#039;Elba\",\"potentialAction\":[{\"@type\":\"SearchAction\",\"target\":{\"@type\":\"EntryPoint\",\"urlTemplate\":\"https:\/\/www.hotelacquarius.it\/en\/?s={search_term_string}\"},\"query-input\":{\"@type\":\"PropertyValueSpecification\",\"valueRequired\":true,\"valueName\":\"search_term_string\"}}],\"inLanguage\":\"de\"}]}<\/script>\n<!-- \/ Yoast SEO plugin. -->","yoast_head_json":{"title":"Marina di Campo, Insel Elba - Hotel Acquarius","description":"Das Dorf Marina di Campo ist eines der wichtigsten Touristenorte der Insel Elba und bietet viele Dienstleistungen.","robots":{"index":"index","follow":"follow","max-snippet":"max-snippet:-1","max-image-preview":"max-image-preview:large","max-video-preview":"max-video-preview:-1"},"canonical":"https:\/\/www.hotelacquarius.it\/de\/lage\/marina-di-campo\/","og_locale":"de_DE","og_type":"article","og_title":"Marina di Campo, Insel Elba - Hotel Acquarius","og_description":"Das Dorf Marina di Campo ist eines der wichtigsten Touristenorte der Insel Elba und bietet viele Dienstleistungen.","og_url":"https:\/\/www.hotelacquarius.it\/de\/lage\/marina-di-campo\/","og_site_name":"Hotel Acquarius","article_modified_time":"2017-11-03T08:19:49+00:00","twitter_card":"summary_large_image","twitter_misc":{"Gesch\u00e4tzte Lesezeit":"1\u00a0Minute"},"schema":{"@context":"https:\/\/schema.org","@graph":[{"@type":"WebPage","@id":"https:\/\/www.hotelacquarius.it\/de\/lage\/marina-di-campo\/","url":"https:\/\/www.hotelacquarius.it\/de\/lage\/marina-di-campo\/","name":"Marina di Campo, Insel Elba - Hotel Acquarius","isPartOf":{"@id":"https:\/\/www.hotelacquarius.it\/en\/#website"},"datePublished":"2017-10-13T14:43:24+00:00","dateModified":"2017-11-03T08:19:49+00:00","description":"Das Dorf Marina di Campo ist eines der wichtigsten Touristenorte der Insel Elba und bietet viele Dienstleistungen.","breadcrumb":{"@id":"https:\/\/www.hotelacquarius.it\/de\/lage\/marina-di-campo\/#breadcrumb"},"inLanguage":"de","potentialAction":[{"@type":"ReadAction","target":["https:\/\/www.hotelacquarius.it\/de\/lage\/marina-di-campo\/"]}]},{"@type":"BreadcrumbList","@id":"https:\/\/www.hotelacquarius.it\/de\/lage\/marina-di-campo\/#breadcrumb","itemListElement":[{"@type":"ListItem","position":1,"name":"Home","item":"https:\/\/www.hotelacquarius.it\/de\/"},{"@type":"ListItem","position":2,"name":"Lage","item":"https:\/\/www.hotelacquarius.it\/de\/lage\/"},{"@type":"ListItem","position":3,"name":"Marina di Campo"}]},{"@type":"WebSite","@id":"https:\/\/www.hotelacquarius.it\/en\/#website","url":"https:\/\/www.hotelacquarius.it\/en\/","name":"Hotel Acquarius","description":"Marina di Campo, Isola d&#039;Elba","potentialAction":[{"@type":"SearchAction","target":{"@type":"EntryPoint","urlTemplate":"https:\/\/www.hotelacquarius.it\/en\/?s={search_term_string}"},"query-input":{"@type":"PropertyValueSpecification","valueRequired":true,"valueName":"search_term_string"}}],"inLanguage":"de"}]}},"_links":{"self":[{"href":"https:\/\/www.hotelacquarius.it\/de\/wp-json\/wp\/v2\/pages\/1189","targetHints":{"allow":["GET"]}}],"collection":[{"href":"https:\/\/www.hotelacquarius.it\/de\/wp-json\/wp\/v2\/pages"}],"about":[{"href":"https:\/\/www.hotelacquarius.it\/de\/wp-json\/wp\/v2\/types\/page"}],"author":[{"embeddable":true,"href":"https:\/\/www.hotelacquarius.it\/de\/wp-json\/wp\/v2\/users\/1"}],"replies":[{"embeddable":true,"href":"https:\/\/www.hotelacquarius.it\/de\/wp-json\/wp\/v2\/comments?post=1189"}],"version-history":[{"count":1,"href":"https:\/\/www.hotelacquarius.it\/de\/wp-json\/wp\/v2\/pages\/1189\/revisions"}],"predecessor-version":[{"id":1190,"href":"https:\/\/www.hotelacquarius.it\/de\/wp-json\/wp\/v2\/pages\/1189\/revisions\/1190"}],"up":[{"embeddable":true,"href":"https:\/\/www.hotelacquarius.it\/de\/wp-json\/wp\/v2\/pages\/1180"}],"wp:attachment":[{"href":"https:\/\/www.hotelacquarius.it\/de\/wp-json\/wp\/v2\/media?parent=1189"}],"curies":[{"name":"wp","href":"https:\/\/api.w.org\/{rel}","templated":true}]}}