{"id":1195,"date":"2017-10-13T16:43:44","date_gmt":"2017-10-13T14:43:44","guid":{"rendered":"https:\/\/www.hotelacquarius.it\/lage\/isola-d-elba\/"},"modified":"2017-11-03T09:25:14","modified_gmt":"2017-11-03T08:25:14","slug":"insel-elba","status":"publish","type":"page","link":"https:\/\/www.hotelacquarius.it\/de\/lage\/insel-elba\/","title":{"rendered":"Insel Elba"},"content":{"rendered":"<style>.simple:nth-child(3){padding-bottom:0 !important;}.simple:nth-child(4){padding-top:0 !important;}.ravis-title{display: none;}<\/style>\n\n\t\t\t\t<section id=\"welcome-section\" class=\"simple \">\n\t\t\t\t\t<div class=\"inner-container container\">\n\t\t\t\t\t\t<div class=\"l-sec \">\n\t\t\t\t\t\t\t<div class=\"ravis-title-t-1\">\n\t\t\t\t\t\t\t\t<div class=\"title\"><span>Insel Elba<\/span><\/div>\n\t\t\t\t\t\t\t\t<div class=\"sub-title\"><\/div>\n\t\t\t\t\t\t\t<\/div>\n\t\t\t\t\t\t\t<div class=\"content\">Elba ist die bekannteste Insel des toskanischen Archipels, sie tr\u00e4gt auch den Namen \u201ePerle des Mittelmeers\u201c. Elba ist in ca. 60 Minuten mit der F\u00e4hre von vom Hafen von Piombino aus erreichbar und bietet nicht nur ein kristallklares Meer und \u00fcber 100 Str\u00e4nde, sondern auch Naturw\u00e4lder, ideal zum Mountainbiken, Trail, Rennen, Nordic Walking und Wandern. Zudem kann man auf der Insel nat\u00fcrlich auch alle Wassersportarten betreiben. Ausserdem ist Elba reich an Geschichte und bietet einige Museen. Die Insel Elba ist in acht Gemeinden eingeteilt, mit vielen sch\u00f6nen D\u00f6rfern, welche einen Besuch Wert sind.<\/div><\/div>\n\t\t\t\t\t<\/div>\n\t\t\t\t<\/section>\n","protected":false},"excerpt":{"rendered":"","protected":false},"author":1,"featured_media":0,"parent":1180,"menu_order":2,"comment_status":"closed","ping_status":"closed","template":"","meta":{"footnotes":""},"class_list":["post-1195","page","type-page","status-publish","hentry"],"yoast_head":"<!-- This site is optimized with the Yoast SEO plugin v26.3 - https:\/\/yoast.com\/wordpress\/plugins\/seo\/ -->\n<title>Insel Elba, Toskana - Hotel Acquarius<\/title>\n<meta name=\"description\" content=\"Elba ist die bekannteste Insel des toskanischen Archipels, sie tr\u00e4gt auch den Namen \u201ePerle des Mittelmeers\u201c.\" \/>\n<meta name=\"robots\" content=\"index, follow, max-snippet:-1, max-image-preview:large, max-video-preview:-1\" \/>\n<link rel=\"canonical\" href=\"https:\/\/www.hotelacquarius.it\/de\/lage\/insel-elba\/\" \/>\n<meta property=\"og:locale\" content=\"de_DE\" \/>\n<meta property=\"og:type\" content=\"article\" \/>\n<meta property=\"og:title\" content=\"Insel Elba, Toskana - Hotel Acquarius\" \/>\n<meta property=\"og:description\" content=\"Elba ist die bekannteste Insel des toskanischen Archipels, sie tr\u00e4gt auch den Namen \u201ePerle des Mittelmeers\u201c.\" \/>\n<meta property=\"og:url\" content=\"https:\/\/www.hotelacquarius.it\/de\/lage\/insel-elba\/\" \/>\n<meta property=\"og:site_name\" content=\"Hotel Acquarius\" \/>\n<meta property=\"article:modified_time\" content=\"2017-11-03T08:25:14+00:00\" \/>\n<meta name=\"twitter:card\" content=\"summary_large_image\" \/>\n<meta name=\"twitter:label1\" content=\"Gesch\u00e4tzte Lesezeit\" \/>\n\t<meta name=\"twitter:data1\" content=\"1\u00a0Minute\" \/>\n<script type=\"application\/ld+json\" class=\"yoast-schema-graph\">{\"@context\":\"https:\/\/schema.org\",\"@graph\":[{\"@type\":\"WebPage\",\"@id\":\"https:\/\/www.hotelacquarius.it\/de\/lage\/insel-elba\/\",\"url\":\"https:\/\/www.hotelacquarius.it\/de\/lage\/insel-elba\/\",\"name\":\"Insel Elba, Toskana - Hotel Acquarius\",\"isPartOf\":{\"@id\":\"https:\/\/www.hotelacquarius.it\/en\/#website\"},\"datePublished\":\"2017-10-13T14:43:44+00:00\",\"dateModified\":\"2017-11-03T08:25:14+00:00\",\"description\":\"Elba ist die bekannteste Insel des toskanischen Archipels, sie tr\u00e4gt auch den Namen \u201ePerle des Mittelmeers\u201c.\",\"breadcrumb\":{\"@id\":\"https:\/\/www.hotelacquarius.it\/de\/lage\/insel-elba\/#breadcrumb\"},\"inLanguage\":\"de\",\"potentialAction\":[{\"@type\":\"ReadAction\",\"target\":[\"https:\/\/www.hotelacquarius.it\/de\/lage\/insel-elba\/\"]}]},{\"@type\":\"BreadcrumbList\",\"@id\":\"https:\/\/www.hotelacquarius.it\/de\/lage\/insel-elba\/#breadcrumb\",\"itemListElement\":[{\"@type\":\"ListItem\",\"position\":1,\"name\":\"Home\",\"item\":\"https:\/\/www.hotelacquarius.it\/de\/\"},{\"@type\":\"ListItem\",\"position\":2,\"name\":\"Lage\",\"item\":\"https:\/\/www.hotelacquarius.it\/de\/lage\/\"},{\"@type\":\"ListItem\",\"position\":3,\"name\":\"Insel Elba\"}]},{\"@type\":\"WebSite\",\"@id\":\"https:\/\/www.hotelacquarius.it\/en\/#website\",\"url\":\"https:\/\/www.hotelacquarius.it\/en\/\",\"name\":\"Hotel Acquarius\",\"description\":\"Marina di Campo, Isola d&#039;Elba\",\"potentialAction\":[{\"@type\":\"SearchAction\",\"target\":{\"@type\":\"EntryPoint\",\"urlTemplate\":\"https:\/\/www.hotelacquarius.it\/en\/?s={search_term_string}\"},\"query-input\":{\"@type\":\"PropertyValueSpecification\",\"valueRequired\":true,\"valueName\":\"search_term_string\"}}],\"inLanguage\":\"de\"}]}<\/script>\n<!-- \/ Yoast SEO plugin. -->","yoast_head_json":{"title":"Insel Elba, Toskana - Hotel Acquarius","description":"Elba ist die bekannteste Insel des toskanischen Archipels, sie tr\u00e4gt auch den Namen \u201ePerle des Mittelmeers\u201c.","robots":{"index":"index","follow":"follow","max-snippet":"max-snippet:-1","max-image-preview":"max-image-preview:large","max-video-preview":"max-video-preview:-1"},"canonical":"https:\/\/www.hotelacquarius.it\/de\/lage\/insel-elba\/","og_locale":"de_DE","og_type":"article","og_title":"Insel Elba, Toskana - Hotel Acquarius","og_description":"Elba ist die bekannteste Insel des toskanischen Archipels, sie tr\u00e4gt auch den Namen \u201ePerle des Mittelmeers\u201c.","og_url":"https:\/\/www.hotelacquarius.it\/de\/lage\/insel-elba\/","og_site_name":"Hotel Acquarius","article_modified_time":"2017-11-03T08:25:14+00:00","twitter_card":"summary_large_image","twitter_misc":{"Gesch\u00e4tzte Lesezeit":"1\u00a0Minute"},"schema":{"@context":"https:\/\/schema.org","@graph":[{"@type":"WebPage","@id":"https:\/\/www.hotelacquarius.it\/de\/lage\/insel-elba\/","url":"https:\/\/www.hotelacquarius.it\/de\/lage\/insel-elba\/","name":"Insel Elba, Toskana - Hotel Acquarius","isPartOf":{"@id":"https:\/\/www.hotelacquarius.it\/en\/#website"},"datePublished":"2017-10-13T14:43:44+00:00","dateModified":"2017-11-03T08:25:14+00:00","description":"Elba ist die bekannteste Insel des toskanischen Archipels, sie tr\u00e4gt auch den Namen \u201ePerle des Mittelmeers\u201c.","breadcrumb":{"@id":"https:\/\/www.hotelacquarius.it\/de\/lage\/insel-elba\/#breadcrumb"},"inLanguage":"de","potentialAction":[{"@type":"ReadAction","target":["https:\/\/www.hotelacquarius.it\/de\/lage\/insel-elba\/"]}]},{"@type":"BreadcrumbList","@id":"https:\/\/www.hotelacquarius.it\/de\/lage\/insel-elba\/#breadcrumb","itemListElement":[{"@type":"ListItem","position":1,"name":"Home","item":"https:\/\/www.hotelacquarius.it\/de\/"},{"@type":"ListItem","position":2,"name":"Lage","item":"https:\/\/www.hotelacquarius.it\/de\/lage\/"},{"@type":"ListItem","position":3,"name":"Insel Elba"}]},{"@type":"WebSite","@id":"https:\/\/www.hotelacquarius.it\/en\/#website","url":"https:\/\/www.hotelacquarius.it\/en\/","name":"Hotel Acquarius","description":"Marina di Campo, Isola d&#039;Elba","potentialAction":[{"@type":"SearchAction","target":{"@type":"EntryPoint","urlTemplate":"https:\/\/www.hotelacquarius.it\/en\/?s={search_term_string}"},"query-input":{"@type":"PropertyValueSpecification","valueRequired":true,"valueName":"search_term_string"}}],"inLanguage":"de"}]}},"_links":{"self":[{"href":"https:\/\/www.hotelacquarius.it\/de\/wp-json\/wp\/v2\/pages\/1195","targetHints":{"allow":["GET"]}}],"collection":[{"href":"https:\/\/www.hotelacquarius.it\/de\/wp-json\/wp\/v2\/pages"}],"about":[{"href":"https:\/\/www.hotelacquarius.it\/de\/wp-json\/wp\/v2\/types\/page"}],"author":[{"embeddable":true,"href":"https:\/\/www.hotelacquarius.it\/de\/wp-json\/wp\/v2\/users\/1"}],"replies":[{"embeddable":true,"href":"https:\/\/www.hotelacquarius.it\/de\/wp-json\/wp\/v2\/comments?post=1195"}],"version-history":[{"count":1,"href":"https:\/\/www.hotelacquarius.it\/de\/wp-json\/wp\/v2\/pages\/1195\/revisions"}],"predecessor-version":[{"id":1196,"href":"https:\/\/www.hotelacquarius.it\/de\/wp-json\/wp\/v2\/pages\/1195\/revisions\/1196"}],"up":[{"embeddable":true,"href":"https:\/\/www.hotelacquarius.it\/de\/wp-json\/wp\/v2\/pages\/1180"}],"wp:attachment":[{"href":"https:\/\/www.hotelacquarius.it\/de\/wp-json\/wp\/v2\/media?parent=1195"}],"curies":[{"name":"wp","href":"https:\/\/api.w.org\/{rel}","templated":true}]}}