{"id":1203,"date":"2017-10-13T16:43:07","date_gmt":"2017-10-13T14:43:07","guid":{"rendered":"https:\/\/www.hotelacquarius.it\/info-e-prenotazione\/"},"modified":"2017-11-23T09:43:57","modified_gmt":"2017-11-23T08:43:57","slug":"info-und-buchung","status":"publish","type":"page","link":"https:\/\/www.hotelacquarius.it\/de\/info-und-buchung\/","title":{"rendered":"Info und Buchung"},"content":{"rendered":"<style>.simple:nth-child(3){padding-bottom:0 !important;}.ravis-title{display: none;}#contact-section{margin-top:0 !important;}#contact-section .t-sec .content {display:none;}<\/style>\n<p>\n\t\t\t\t<section id=\"welcome-section\" class=\"simple \">\n\t\t\t\t\t<div class=\"inner-container container\">\n\t\t\t\t\t\t<div class=\"l-sec \">\n\t\t\t\t\t\t\t<div class=\"ravis-title-t-1\">\n\t\t\t\t\t\t\t\t<div class=\"title\"><span>Kontaktieren Sie Uns<\/span><\/div>\n\t\t\t\t\t\t\t\t<div class=\"sub-title\"><\/div>\n\t\t\t\t\t\t\t<\/div>\n\t\t\t\t\t\t\t<div class=\"content\">F\u00fcllen Sie dieses Anfrageformular bitte vollst\u00e4ndig aus. Wir antworten sobald wie m\u00f6glich. Vielen Dank!<\/div><\/div>\n\t\t\t\t\t<\/div>\n\t\t\t\t<\/section>\n\t\t\t\t<section id=\"contact-section\">\n\t\t\t\t<div class=\"inner-container container\">\n\t\t\t\t\t<div class=\"t-sec\">\n\t\t\t\t\t\t<div class=\"content\">\n\t\t\t\t\t\t<div class=\"ravis-title-t-2\">\n\t\t\t\t\t\t\t<div class=\"title\"><span><\/span><\/div>\n\t\t\t\t\t\t\t<div class=\"sub-title\"><\/div>\n\t\t\t\t\t\t<\/div>\n\t\t\t\t\t\t\t\n\t\t\t\t\t\t<\/div>\n\t\t\t\t\t\t<div class=\"contact-info\">\n\t\t\t\t\t\t\t\t\t<div class=\"contact-inf-box\">\n\t\t\t\t\t\t\t\t\t\t<div class=\"icon-box\">\n\t\t\t\t\t\t\t\t\t\t\t<i class=\"fa fa-home\"><\/i>\n\t\t\t\t\t\t\t\t\t\t<\/div>\n\t\t\t\t\t\t\t\t\t\t<div class=\"text\">Via per Portoferraio 39, 57034 Campo nell&#039;Elba (LI)<\/div>\n\t\t\t\t\t\t\t\t\t<\/div>\n\t\t\t\t\t\t\t\t\t\t<div class=\"contact-inf-box\">\n\t\t\t\t\t\t\t\t\t\t\t<div class=\"icon-box\">\n\t\t\t\t\t\t\t\t\t\t\t\t<i class=\"fa fa-envelope\"><\/i>\n\t\t\t\t\t\t\t\t\t\t\t<\/div>\n\t\t\t\t\t\t\t\t\t\t\t<div class=\"text\">info@hotelacquarius.it<\/div>\n\t\t\t\t\t\t\t\t\t\t<\/div>\n\t\t\t\t\t\t\t\t\t<div class=\"contact-inf-box\">\n\t\t\t\t\t\t\t\t\t\t<div class=\"icon-box\">\n\t\t\t\t\t\t\t\t\t\t\t<i class=\"fa fa-phone\"><\/i>\n\t\t\t\t\t\t\t\t\t\t<\/div>\n\t\t\t\t\t\t\t\t\t\t<div class=\"text\">(+39) 0565 976931<\/div>\n\t\t\t\t\t\t\t\t\t<\/div>\n\t\t\t\t\t\t<\/div>\n\t\t\t\t\t<\/div>\n\t\t\t\t\t<div class=\"b-sec clearfix\">\n\t\t\t\t\t\t<div class=\"contact-form col-md-6\">\n<div class=\"wpcf7 no-js\" id=\"wpcf7-f1289-o1\" lang=\"en-US\" dir=\"ltr\" data-wpcf7-id=\"1289\">\n<div class=\"screen-reader-response\"><p role=\"status\" aria-live=\"polite\" aria-atomic=\"true\"><\/p> <ul><\/ul><\/div>\n<form action=\"\/de\/wp-json\/wp\/v2\/pages\/1203#wpcf7-f1289-o1\" method=\"post\" class=\"wpcf7-form init\" aria-label=\"Contact form\" novalidate=\"novalidate\" data-status=\"init\">\n<fieldset class=\"hidden-fields-container\"><input type=\"hidden\" name=\"_wpcf7\" value=\"1289\" \/><input type=\"hidden\" name=\"_wpcf7_version\" value=\"6.1.3\" \/><input type=\"hidden\" name=\"_wpcf7_locale\" value=\"en_US\" \/><input type=\"hidden\" name=\"_wpcf7_unit_tag\" value=\"wpcf7-f1289-o1\" \/><input type=\"hidden\" name=\"_wpcf7_container_post\" value=\"0\" \/><input type=\"hidden\" name=\"_wpcf7_posted_data_hash\" value=\"\" \/><input type=\"hidden\" name=\"_wpcf7_recaptcha_response\" value=\"\" \/>\n<\/fieldset>\n<style>.col-md-6, .col-md-12{margin:5px 0;}input::-webkit-input-placeholder{color:#CCCCCC !important;}input::-moz-placeholder{color:#CCCCCC !important;}input:-ms-input-placeholder{color:#CCCCCC !important;}input:-moz-placeholder{color:#CCCCCC !important;}.select2-container .select2-choice{border: 1px solid #b0c7d9;}.select2-drop{border:1px solid #b0c7d9;color: #183f6a;}\n<\/style>\n<div class=\"col-md-6\">\n\t<p>Ankunftsdatum: <span class=\"wpcf7-form-control-wrap\" data-name=\"start\"><input size=\"40\" maxlength=\"400\" class=\"wpcf7-form-control wpcf7-text wpcf7-validates-as-required\" aria-required=\"true\" aria-invalid=\"false\" placeholder=\"tt\/mm\/jjjj\" value=\"\" type=\"text\" name=\"start\" \/><\/span>\n\t<\/p>\n<\/div>\n<div class=\"col-md-6\">\n\t<p>Abreisedatum: <span class=\"wpcf7-form-control-wrap\" data-name=\"end\"><input size=\"40\" maxlength=\"400\" class=\"wpcf7-form-control wpcf7-text wpcf7-validates-as-required\" aria-required=\"true\" aria-invalid=\"false\" placeholder=\"tt\/mm\/jjjj\" value=\"\" type=\"text\" name=\"end\" \/><\/span>\n\t<\/p>\n<\/div>\n<div style=\"clear:both;\">\n<\/div>\n<div class=\"col-md-6\">\n\t<p>Behandlung: <span class=\"wpcf7-form-control-wrap\" data-name=\"perno\"><select class=\"wpcf7-form-control wpcf7-select wpcf7-validates-as-required\" aria-required=\"true\" aria-invalid=\"false\" name=\"perno\"><option value=\"\">&#8212;Please choose an option&#8212;<\/option><option value=\"B&amp;B\">B&amp;B<\/option><option value=\"Halbpension\">Halbpension<\/option><\/select><\/span>\n\t<\/p>\n<\/div>\n<div class=\"col-md-6\">\n\t<p>Anzahl Erwachsene: <span class=\"wpcf7-form-control-wrap\" data-name=\"adult\"><input size=\"40\" maxlength=\"400\" class=\"wpcf7-form-control wpcf7-text wpcf7-validates-as-required\" aria-required=\"true\" aria-invalid=\"false\" value=\"\" type=\"text\" name=\"adult\" \/><\/span>\n\t<\/p>\n<\/div>\n<div style=\"clear:both;\">\n<\/div>\n<div class=\"col-md-6\">\n\t<p>Anzahl Kinder: <span class=\"wpcf7-form-control-wrap\" data-name=\"child\"><input size=\"40\" maxlength=\"400\" class=\"wpcf7-form-control wpcf7-text wpcf7-validates-as-required\" aria-required=\"true\" aria-invalid=\"false\" value=\"\" type=\"text\" name=\"child\" \/><\/span>\n\t<\/p>\n<\/div>\n<div class=\"col-md-6\">\n\t<p>Alter von Kindern: <span class=\"wpcf7-form-control-wrap\" data-name=\"ages\"><input size=\"40\" maxlength=\"400\" class=\"wpcf7-form-control wpcf7-text\" aria-invalid=\"false\" value=\"\" type=\"text\" name=\"ages\" \/><\/span>\n\t<\/p>\n<\/div>\n<div style=\"clear:both;\">\n\t<p>&nbsp;\n\t<\/p>\n<\/div>\n<div class=\"col-md-6\">\n\t<p>Name: <span class=\"wpcf7-form-control-wrap\" data-name=\"nome\"><input size=\"40\" maxlength=\"400\" class=\"wpcf7-form-control wpcf7-text wpcf7-validates-as-required\" aria-required=\"true\" aria-invalid=\"false\" value=\"\" type=\"text\" name=\"nome\" \/><\/span>\n\t<\/p>\n<\/div>\n<div class=\"col-md-6\">\n\t<p>Nachname: <span class=\"wpcf7-form-control-wrap\" data-name=\"cognome\"><input size=\"40\" maxlength=\"400\" class=\"wpcf7-form-control wpcf7-text wpcf7-validates-as-required\" aria-required=\"true\" aria-invalid=\"false\" value=\"\" type=\"text\" name=\"cognome\" \/><\/span>\n\t<\/p>\n<\/div>\n<div style=\"clear:both;\">\n<\/div>\n<div class=\"col-md-6\">\n\t<p>Email: <span class=\"wpcf7-form-control-wrap\" data-name=\"mail\"><input size=\"40\" maxlength=\"400\" class=\"wpcf7-form-control wpcf7-email wpcf7-validates-as-required wpcf7-text wpcf7-validates-as-email\" aria-required=\"true\" aria-invalid=\"false\" value=\"\" type=\"email\" name=\"mail\" \/><\/span>\n\t<\/p>\n<\/div>\n<div class=\"col-md-6\">\n\t<p>Telefon: <span class=\"wpcf7-form-control-wrap\" data-name=\"telefono\"><input size=\"40\" maxlength=\"400\" class=\"wpcf7-form-control wpcf7-text\" aria-invalid=\"false\" value=\"\" type=\"text\" name=\"telefono\" \/><\/span>\n\t<\/p>\n<\/div>\n<div style=\"clear:both;\">\n<\/div>\n<div class=\"col-md-12\">\n\t<p>Noten: <span class=\"wpcf7-form-control-wrap\" data-name=\"note\"><textarea cols=\"40\" rows=\"10\" maxlength=\"2000\" class=\"wpcf7-form-control wpcf7-textarea\" aria-invalid=\"false\" name=\"note\"><\/textarea><\/span>\n\t<\/p>\n<\/div>\n<div style=\"clear:both;\">\n<\/div>\n<div class=\"col-md-12\" text-align:center;>\n\n<\/div>\n<div style=\"clear:both;\">\n<\/div>\n<div class=\"col-md-12\">\n\t<p><input class=\"wpcf7-form-control wpcf7-submit has-spinner\" type=\"submit\" value=\"Anfrage senden\" \/>\n\t<\/p>\n<\/div><div class=\"wpcf7-response-output\" aria-hidden=\"true\"><\/div>\n<\/form>\n<\/div>\n\n\t\t\t\t\t\t<\/div>\n\t\t\t\t\t\t<div id=\"google-map\" class=\"col-md-6\"><\/div>\n\t\t\t\t\t<\/div>\n\t\t\t\t<\/div>\n\t\t\t<\/section><\/p>\n","protected":false},"excerpt":{"rendered":"","protected":false},"author":1,"featured_media":0,"parent":0,"menu_order":6,"comment_status":"closed","ping_status":"closed","template":"","meta":{"footnotes":""},"class_list":["post-1203","page","type-page","status-publish","hentry"],"yoast_head":"<!-- This site is optimized with the Yoast SEO plugin v26.3 - https:\/\/yoast.com\/wordpress\/plugins\/seo\/ -->\n<title>Info und buchung Hotel Acquarius, Marina di Campo, Insel Elba<\/title>\n<meta name=\"robots\" content=\"index, follow, max-snippet:-1, max-image-preview:large, max-video-preview:-1\" \/>\n<link rel=\"canonical\" href=\"https:\/\/www.hotelacquarius.it\/de\/info-und-buchung\/\" \/>\n<meta property=\"og:locale\" content=\"de_DE\" \/>\n<meta property=\"og:type\" content=\"article\" \/>\n<meta property=\"og:title\" content=\"Info und buchung Hotel Acquarius, Marina di Campo, Insel Elba\" \/>\n<meta property=\"og:url\" content=\"https:\/\/www.hotelacquarius.it\/de\/info-und-buchung\/\" \/>\n<meta property=\"og:site_name\" content=\"Hotel Acquarius\" \/>\n<meta property=\"article:modified_time\" content=\"2017-11-23T08:43:57+00:00\" \/>\n<meta name=\"twitter:card\" content=\"summary_large_image\" \/>\n<script type=\"application\/ld+json\" class=\"yoast-schema-graph\">{\"@context\":\"https:\/\/schema.org\",\"@graph\":[{\"@type\":\"WebPage\",\"@id\":\"https:\/\/www.hotelacquarius.it\/de\/info-und-buchung\/\",\"url\":\"https:\/\/www.hotelacquarius.it\/de\/info-und-buchung\/\",\"name\":\"Info und buchung Hotel Acquarius, Marina di Campo, Insel Elba\",\"isPartOf\":{\"@id\":\"https:\/\/www.hotelacquarius.it\/en\/#website\"},\"datePublished\":\"2017-10-13T14:43:07+00:00\",\"dateModified\":\"2017-11-23T08:43:57+00:00\",\"breadcrumb\":{\"@id\":\"https:\/\/www.hotelacquarius.it\/de\/info-und-buchung\/#breadcrumb\"},\"inLanguage\":\"de\",\"potentialAction\":[{\"@type\":\"ReadAction\",\"target\":[\"https:\/\/www.hotelacquarius.it\/de\/info-und-buchung\/\"]}]},{\"@type\":\"BreadcrumbList\",\"@id\":\"https:\/\/www.hotelacquarius.it\/de\/info-und-buchung\/#breadcrumb\",\"itemListElement\":[{\"@type\":\"ListItem\",\"position\":1,\"name\":\"Home\",\"item\":\"https:\/\/www.hotelacquarius.it\/de\/\"},{\"@type\":\"ListItem\",\"position\":2,\"name\":\"Info und Buchung\"}]},{\"@type\":\"WebSite\",\"@id\":\"https:\/\/www.hotelacquarius.it\/en\/#website\",\"url\":\"https:\/\/www.hotelacquarius.it\/en\/\",\"name\":\"Hotel Acquarius\",\"description\":\"Marina di Campo, Isola d&#039;Elba\",\"potentialAction\":[{\"@type\":\"SearchAction\",\"target\":{\"@type\":\"EntryPoint\",\"urlTemplate\":\"https:\/\/www.hotelacquarius.it\/en\/?s={search_term_string}\"},\"query-input\":{\"@type\":\"PropertyValueSpecification\",\"valueRequired\":true,\"valueName\":\"search_term_string\"}}],\"inLanguage\":\"de\"}]}<\/script>\n<!-- \/ Yoast SEO plugin. -->","yoast_head_json":{"title":"Info und buchung Hotel Acquarius, Marina di Campo, Insel Elba","robots":{"index":"index","follow":"follow","max-snippet":"max-snippet:-1","max-image-preview":"max-image-preview:large","max-video-preview":"max-video-preview:-1"},"canonical":"https:\/\/www.hotelacquarius.it\/de\/info-und-buchung\/","og_locale":"de_DE","og_type":"article","og_title":"Info und buchung Hotel Acquarius, Marina di Campo, Insel Elba","og_url":"https:\/\/www.hotelacquarius.it\/de\/info-und-buchung\/","og_site_name":"Hotel Acquarius","article_modified_time":"2017-11-23T08:43:57+00:00","twitter_card":"summary_large_image","schema":{"@context":"https:\/\/schema.org","@graph":[{"@type":"WebPage","@id":"https:\/\/www.hotelacquarius.it\/de\/info-und-buchung\/","url":"https:\/\/www.hotelacquarius.it\/de\/info-und-buchung\/","name":"Info und buchung Hotel Acquarius, Marina di Campo, Insel Elba","isPartOf":{"@id":"https:\/\/www.hotelacquarius.it\/en\/#website"},"datePublished":"2017-10-13T14:43:07+00:00","dateModified":"2017-11-23T08:43:57+00:00","breadcrumb":{"@id":"https:\/\/www.hotelacquarius.it\/de\/info-und-buchung\/#breadcrumb"},"inLanguage":"de","potentialAction":[{"@type":"ReadAction","target":["https:\/\/www.hotelacquarius.it\/de\/info-und-buchung\/"]}]},{"@type":"BreadcrumbList","@id":"https:\/\/www.hotelacquarius.it\/de\/info-und-buchung\/#breadcrumb","itemListElement":[{"@type":"ListItem","position":1,"name":"Home","item":"https:\/\/www.hotelacquarius.it\/de\/"},{"@type":"ListItem","position":2,"name":"Info und Buchung"}]},{"@type":"WebSite","@id":"https:\/\/www.hotelacquarius.it\/en\/#website","url":"https:\/\/www.hotelacquarius.it\/en\/","name":"Hotel Acquarius","description":"Marina di Campo, Isola d&#039;Elba","potentialAction":[{"@type":"SearchAction","target":{"@type":"EntryPoint","urlTemplate":"https:\/\/www.hotelacquarius.it\/en\/?s={search_term_string}"},"query-input":{"@type":"PropertyValueSpecification","valueRequired":true,"valueName":"search_term_string"}}],"inLanguage":"de"}]}},"_links":{"self":[{"href":"https:\/\/www.hotelacquarius.it\/de\/wp-json\/wp\/v2\/pages\/1203","targetHints":{"allow":["GET"]}}],"collection":[{"href":"https:\/\/www.hotelacquarius.it\/de\/wp-json\/wp\/v2\/pages"}],"about":[{"href":"https:\/\/www.hotelacquarius.it\/de\/wp-json\/wp\/v2\/types\/page"}],"author":[{"embeddable":true,"href":"https:\/\/www.hotelacquarius.it\/de\/wp-json\/wp\/v2\/users\/1"}],"replies":[{"embeddable":true,"href":"https:\/\/www.hotelacquarius.it\/de\/wp-json\/wp\/v2\/comments?post=1203"}],"version-history":[{"count":3,"href":"https:\/\/www.hotelacquarius.it\/de\/wp-json\/wp\/v2\/pages\/1203\/revisions"}],"predecessor-version":[{"id":1317,"href":"https:\/\/www.hotelacquarius.it\/de\/wp-json\/wp\/v2\/pages\/1203\/revisions\/1317"}],"wp:attachment":[{"href":"https:\/\/www.hotelacquarius.it\/de\/wp-json\/wp\/v2\/media?parent=1203"}],"curies":[{"name":"wp","href":"https:\/\/api.w.org\/{rel}","templated":true}]}}