{"id":1210,"date":"2017-10-13T16:46:34","date_gmt":"2017-10-13T14:46:34","guid":{"rendered":"https:\/\/www.hotelacquarius.it\/info-und-buchung\/listino-prezzi\/"},"modified":"2025-12-04T11:34:18","modified_gmt":"2025-12-04T10:34:18","slug":"preisliste","status":"publish","type":"page","link":"https:\/\/www.hotelacquarius.it\/de\/info-und-buchung\/preisliste\/","title":{"rendered":"Preisliste"},"content":{"rendered":"<style><span style=\"display: inline-block; width: 0px; overflow: hidden; line-height: 0;\" data-mce-type=\"bookmark\" class=\"mce_SELRES_start\">\ufeff<\/span>.simple:nth-child(3){padding-bottom:0 !important;}.simple:nth-child(4){padding:0 !important;}.simple:nth-child(5){padding:0 !important;}.ravis-title{display: none;}#special-offers .ravis-title{display: block;}@media (max-width: 768px) {.table-responsive {width: 100%; margin-bottom: 15px; overflow-x: scroll; overflow-y: hidden;}}.table-striped > tbody > tr:nth-child(odd) > td, .table-striped > tbody > tr:nth-child(odd) > th {background-color: #f9f9f9;}.default-single-page .page-content-section table {margin:0;}th, td{vertical-align:middle !important; padding:10px 0 !important;}#special-offers{padding: 0 0 80px;}<\/style>\n\n\t\t\t\t<section id=\"welcome-section\" class=\"simple \">\n\t\t\t\t\t<div class=\"inner-container container\">\n\t\t\t\t\t\t<div class=\"l-sec \">\n\t\t\t\t\t\t\t<div class=\"ravis-title-t-1\">\n\t\t\t\t\t\t\t\t<div class=\"title\"><span>Preisliste 2026<\/span><\/div>\n\t\t\t\t\t\t\t\t<div class=\"sub-title\">Preise pro Person pro Tag<\/div>\n\t\t\t\t\t\t\t<\/div>\n\t\t\t\t\t\t\t<div class=\"content\"><\/div><\/div>\n\t\t\t\t\t<\/div>\n\t\t\t\t<\/section>\n<div class=\"inner-container container\" style=\"padding-bottom: 80px;\">\n<div class=\"col-md-12\">\n<div class=\"table-responsive\">\n<table class=\"table table-striped\">\n<thead>\n<tr>\n<th rowspan=\"2\" width=\"4%\">Band<\/th>\n<th colspan=\"2\" width=\"24%\">Zeit<\/th>\n<th rowspan=\"2\" width=\"12%\">B&amp;B<\/th>\n<th rowspan=\"2\" width=\"12%\">Halbpension<\/th>\n<th rowspan=\"2\" width=\"12%\">Campingbett<\/th>\n<th colspan=\"3\" width=\"24%\">Erm\u00e4\u00dfigungen auf Zustellbetten<\/th>\n<\/tr>\n<tr>\n<th>Von<\/th>\n<th>Bis<\/th>\n<th>2-6 anni<\/th>\n<th>7-12 anni<\/th>\n<th>&gt;12 anni<\/th>\n<\/tr>\n<\/thead>\n<tbody>\n<tr>\n<td>A<\/td>\n<td>30\/04<\/td>\n<td>29\/05<\/td>\n<td>47,00 \u20ac<\/td>\n<td>65,00 \u20ac<\/td>\n<td>14,00 \u20ac<\/td>\n<td>50%<\/td>\n<td>40%<\/td>\n<td>20%<\/td>\n<\/tr>\n<tr>\n<td>B<\/td>\n<td>30\/05<\/td>\n<td>05\/06<\/td>\n<td>55,00 \u20ac<\/td>\n<td>73,00 \u20ac<\/td>\n<td>14,00 \u20ac<\/td>\n<td>50%<\/td>\n<td>40%<\/td>\n<td>20%<\/td>\n<\/tr>\n<tr>\n<td>C<\/td>\n<td>06\/06<\/td>\n<td>12\/06<\/td>\n<td>64,00 \u20ac<\/td>\n<td>82,00 \u20ac<\/td>\n<td>14,00 \u20ac<\/td>\n<td>50%<\/td>\n<td>40%<\/td>\n<td>20%<\/td>\n<\/tr>\n<tr>\n<td>D<\/td>\n<td>13\/06<\/td>\n<td>19\/06<\/td>\n<td>72,00 \u20ac<\/td>\n<td>90,00 \u20ac<\/td>\n<td>18,00 \u20ac<\/td>\n<td>40%<\/td>\n<td>30%<\/td>\n<td>20%<\/td>\n<\/tr>\n<tr>\n<td>E<\/td>\n<td>20\/06<\/td>\n<td>17\/07<\/td>\n<td>82,00 \u20ac<\/td>\n<td>100,00 \u20ac<\/td>\n<td>18,00 \u20ac<\/td>\n<td>40%<\/td>\n<td>30%<\/td>\n<td>20%<\/td>\n<\/tr>\n<tr>\n<td>F<\/td>\n<td>18\/07<\/td>\n<td>07\/08<\/td>\n<td>86,00 \u20ac<\/td>\n<td>104,00 \u20ac<\/td>\n<td>22,00 \u20ac<\/td>\n<td>40%<\/td>\n<td>30%<\/td>\n<td>15%<\/td>\n<\/tr>\n<tr>\n<td>G<\/td>\n<td>08\/08<\/td>\n<td>22\/08<\/td>\n<td>103,00 \u20ac<\/td>\n<td>121,00 \u20ac<\/td>\n<td>22,00 \u20ac<\/td>\n<td>30%<\/td>\n<td>20%<\/td>\n<td>15%<\/td>\n<\/tr>\n<tr>\n<td>F<\/td>\n<td>23\/08<\/td>\n<td>29\/08<\/td>\n<td>86,00 \u20ac<\/td>\n<td>104,00 \u20ac<\/td>\n<td>22,00 \u20ac<\/td>\n<td>40%<\/td>\n<td>30%<\/td>\n<td>15%<\/td>\n<\/tr>\n<tr>\n<td>H<\/td>\n<td>30\/08<\/td>\n<td>05\/09<\/td>\n<td>76,00 \u20ac<\/td>\n<td>94,00 \u20ac<\/td>\n<td>18,00 \u20ac<\/td>\n<td>50%<\/td>\n<td>40%<\/td>\n<td>20%<\/td>\n<\/tr>\n<tr>\n<td>C<\/td>\n<td>06\/09<\/td>\n<td>12\/09<\/td>\n<td>64,00 \u20ac<\/td>\n<td>82,00 \u20ac<\/td>\n<td>14,00 \u20ac<\/td>\n<td>50%<\/td>\n<td>40%<\/td>\n<td>20%<\/td>\n<\/tr>\n<tr>\n<td>I<\/td>\n<td>13\/09<\/td>\n<td>19\/09<\/td>\n<td>51,00 \u20ac<\/td>\n<td>69,00 \u20ac<\/td>\n<td>14,00 \u20ac<\/td>\n<td>50%<\/td>\n<td>40%<\/td>\n<td>20%<\/td>\n<\/tr>\n<tr>\n<td>A<\/td>\n<td>20\/09<\/td>\n<td>30\/09<\/td>\n<td>47,00 \u20ac<\/td>\n<td>65,00 \u20ac<\/td>\n<td>14,00 \u20ac<\/td>\n<td>50%<\/td>\n<td>40%<\/td>\n<td>20%<\/td>\n<\/tr>\n<\/tbody>\n<\/table>\n<\/div>\n<p>&nbsp;<\/p>\n<ul style=\"font-weight: bold;\">\n<li>Aufpreis f\u00fcr die King Suite: \u20ac 15,00 pro Tag pro Zimmer<\/li>\n<li>Aufpreis f\u00fcr das Zimmer See view bedroom: \u20ac 10,00 pro Tag pro Zimmer<\/li>\n<li>Rabatt f\u00fcr das Zimmer Small one bedroom: Rabatt von \u20ac 5.00 pro Person pro Tag<\/li>\n<li>Standard bedroom Preis von der Standardliste<\/li>\n<\/ul>\n<p>&nbsp;<\/p>\n<div class=\"ravis-title-t-1\">\n<div class=\"sub-title\">P.S.<\/div>\n<\/div>\n<ul>\n<li>Die Preise f\u00fcr das Kinderbett\/Campingbett beinhalten keine Mahlzeiten.<\/li>\n<li>\u20ac 5,00 Erm\u00e4\u00dfigung pro Tag auf den Preis f\u00fcr das Kinderbett\/Campingbett, wenn es vom Gast mitgebracht wird.<\/li>\n<li>Erm\u00e4\u00dfigungen f\u00fcr das dritte und vierte Zusatzbett je nach Alter der Personen.<\/li>\n<li>Angebot \u201e7&#215;6\u201c oder \u201eBlaue Woche\u201c, g\u00fcltig f\u00fcr Aufenthalte bis und mit 12.06. und ab dem 13.09.: F\u00fcr 6 gebuchte N\u00e4chte erhalten Sie die 7. Nacht gratis.<\/li>\n<li>Getr\u00e4nke sind in den im Preisverzeichnis angegebenen Preisen f\u00fcr die HP (Halbpension) nicht enthalten.<\/li>\n<li>\u201eFr\u00fchbucher\u201c-Rabatt von \u20ac3,00 pro Person und Tag f\u00fcr Buchungen, die mindestens 60 Tage vor dem Anreisedatum best\u00e4tigt werden. Der Tarif f\u00fcr das Kinderbett\/Campingbett und der Zeitraum vom 08.08. bis und mit 22.08. sind von der Aktion ausgeschlossen.<\/li>\n<li><strong>HAUSTIERE ERLAUBT<\/strong> auf Anfrage, mit einem Zuschlag von \u20ac5,00 pro Tag f\u00fcr jedes Tier kleiner\/mittlerer Gr\u00f6\u00dfe.<\/li>\n<\/ul>\n<\/div>\n<\/div>\n\n\t\t\t\t\t<section id=\"special-offers\">\n\t\t\t\t\t\t<div class=\"inner-container container\">\n\t\t\t\t\t\t<div class=\"ravis-title\">\n\t\t\t\t\t\t\t<div class=\"inner-box\">\n\t\t\t\t\t\t\t\t<div class=\"title\"><span>Unsere Offerten<\/span><\/div>\n\t\t\t\t\t\t\t\t<div class=\"sub-title\">Kontaktieren Sie uns unter 0565 976931 oder fragen Sie uns via e-mail an<\/div>\n\t\t\t\t\t\t\t<\/div>\n\t\t\t\t\t\t<\/div>\n\t\t\t\t\t\t\t<div class=\"main-desc\"><\/div>\n\t\t\t\t\t\t\t<div class=\"packages-container clearfix\">\n\t\t\t\t\t\t\t<div class=\"package-box col-sm-6 col-md-6\">\n\t\t\t\t\t\t\t\t\t<div class=\"main-inner-box\" data-bg-img=\"https:\/\/www.hotelacquarius.it\/wp-content\/uploads\/offerte_bg.jpg\">\n\t\t\t\t\t\t\t\t\t\t<div class=\"title-box\">\n\t\t\t\t\t\t\t\t\t\t\t<div class=\"title\">Azzurra Woche<\/div>\n\t\t\t\t\t\t\t\t\t\t\t<div class=\"sub-title\"><\/div>\n\t\t\t\t\t\t\t\t\t\t<\/div>\n\t\t\t\t\t\t\t\t\t\t<div class=\"price-box\"><div class=\"price\">Ein Tag gratis<\/div><\/div>\n\t\t\t\t\t\t\t\t\t\t<div class=\"detail-box\"><ul><li><div class=\"inner-box\">Bis und mit 12.6.2026 und ab 13.9.2026, ist der siebte Tag einer voll gebuchten Woche gratis<\/div><\/li><\/ul>\n\t\t\t\t\t\t\t\t\t\t<\/div>\n\t\t\t\t\t\t\t\t\t\t<a href=\"https:\/\/www.hotelacquarius.it\/de\/info-und-buchung\/\"><button type=\"submit\" class=\"ravis-btn btn-type-2\">Informationen Anfordern<\/button><\/a>\n\t\t\t\t\t\t\t\t\t<\/div>\n\t\t\t\t\t\t\t<\/div>\n\t\t\t\t\t\t\t<div class=\"package-box col-sm-6 col-md-6\">\n\t\t\t\t\t\t\t\t\t<div class=\"main-inner-box\" data-bg-img=\"https:\/\/www.hotelacquarius.it\/wp-content\/uploads\/offerte_bg.jpg\">\n\t\t\t\t\t\t\t\t\t\t<div class=\"title-box\">\n\t\t\t\t\t\t\t\t\t\t\t<div class=\"title\">Fr\u00fchbucherrabatt<\/div>\n\t\t\t\t\t\t\t\t\t\t\t<div class=\"sub-title\"><\/div>\n\t\t\t\t\t\t\t\t\t\t<\/div>\n\t\t\t\t\t\t\t\t\t\t<div class=\"price-box\"><div class=\"price\">Rabatt von 3 \u20ac pro Tag<\/div><\/div>\n\t\t\t\t\t\t\t\t\t\t<div class=\"detail-box\"><ul><li><div class=\"inner-box\">Buchen Sie Ihren Urlaub mind. 60 Tage im Voraus, dann erhalten Sie einen Rabatt von 3 \u20ac pro Persone und Tag, auf die Preise der Preisliste.<\/div><\/li><li><div class=\"inner-box\">Der Rabatt ist ung\u00fcltig im Zeitraum vom 08.8.2026 bis und mit 22.8.2026<\/div><\/li><\/ul>\n\t\t\t\t\t\t\t\t\t\t<\/div>\n\t\t\t\t\t\t\t\t\t\t<a href=\"https:\/\/www.hotelacquarius.it\/de\/info-und-buchung\/\"><button type=\"submit\" class=\"ravis-btn btn-type-2\">Informationen Anfordern<\/button><\/a>\n\t\t\t\t\t\t\t\t\t<\/div>\n\t\t\t\t\t\t\t<\/div><\/section>\n\t\t\t\t\t\t<\/div>\n\t\t\t\t\t<\/div>\n\t\t\t\t<\/section>\n","protected":false},"excerpt":{"rendered":"<p>Band Zeit B&amp;B Halbpension Campingbett Erm\u00e4\u00dfigungen auf Zustellbetten Von Bis 2-6 anni 7-12 anni &gt;12 anni A 30\/04 29\/05 47,00 \u20ac 65,00 \u20ac 14,00 \u20ac 50% 40% 20% B 30\/05 05\/06 55,00 \u20ac 73,00 \u20ac 14,00 \u20ac 50% 40% 20% C 06\/06 12\/06 64,00 \u20ac 82,00 \u20ac 14,00 \u20ac 50% 40% 20% D 13\/06 19\/06 72,00 \u20ac 90,00 \u20ac 18,00 \u20ac 40% 30% 20% E&#8230;<\/p>\n<div class=\"read-more-container\"><a class=\"more-link btn btn-default btn-sm read-more\" href=\"https:\/\/www.hotelacquarius.it\/de\/packages\/fruehbucherrabatt\/\">Read More<\/a><\/div>\n","protected":false},"author":1,"featured_media":0,"parent":1203,"menu_order":1,"comment_status":"closed","ping_status":"closed","template":"","meta":{"footnotes":""},"class_list":["post-1210","page","type-page","status-publish","hentry"],"yoast_head":"<!-- This site is optimized with the Yoast SEO plugin v26.3 - https:\/\/yoast.com\/wordpress\/plugins\/seo\/ -->\n<title>Preisliste Hotel Acquarius, Marina di Campo, Insel Elba<\/title>\n<meta name=\"robots\" content=\"index, follow, max-snippet:-1, max-image-preview:large, max-video-preview:-1\" \/>\n<link rel=\"canonical\" href=\"https:\/\/www.hotelacquarius.it\/de\/info-und-buchung\/preisliste\/\" \/>\n<meta property=\"og:locale\" content=\"de_DE\" \/>\n<meta property=\"og:type\" content=\"article\" \/>\n<meta property=\"og:title\" content=\"Preisliste Hotel Acquarius, Marina di Campo, Insel Elba\" \/>\n<meta property=\"og:description\" content=\"Band Zeit B&amp;B Halbpension Campingbett Erm\u00e4\u00dfigungen auf Zustellbetten Von Bis 2-6 anni 7-12 anni &gt;12 anni A 30\/04 29\/05 47,00 \u20ac 65,00 \u20ac 14,00 \u20ac 50% 40% 20% B 30\/05 05\/06 55,00 \u20ac 73,00 \u20ac 14,00 \u20ac 50% 40% 20% C 06\/06 12\/06 64,00 \u20ac 82,00 \u20ac 14,00 \u20ac 50% 40% 20% D 13\/06 19\/06 72,00 \u20ac 90,00 \u20ac 18,00 \u20ac 40% 30% 20% E...Read More\" \/>\n<meta property=\"og:url\" content=\"https:\/\/www.hotelacquarius.it\/de\/info-und-buchung\/preisliste\/\" \/>\n<meta property=\"og:site_name\" content=\"Hotel Acquarius\" \/>\n<meta property=\"article:modified_time\" content=\"2025-12-04T10:34:18+00:00\" \/>\n<meta name=\"twitter:card\" content=\"summary_large_image\" \/>\n<meta name=\"twitter:label1\" content=\"Gesch\u00e4tzte Lesezeit\" \/>\n\t<meta name=\"twitter:data1\" content=\"1\u00a0Minute\" \/>\n<script type=\"application\/ld+json\" class=\"yoast-schema-graph\">{\"@context\":\"https:\/\/schema.org\",\"@graph\":[{\"@type\":\"WebPage\",\"@id\":\"https:\/\/www.hotelacquarius.it\/de\/info-und-buchung\/preisliste\/\",\"url\":\"https:\/\/www.hotelacquarius.it\/de\/info-und-buchung\/preisliste\/\",\"name\":\"Preisliste Hotel Acquarius, Marina di Campo, Insel Elba\",\"isPartOf\":{\"@id\":\"https:\/\/www.hotelacquarius.it\/en\/#website\"},\"datePublished\":\"2017-10-13T14:46:34+00:00\",\"dateModified\":\"2025-12-04T10:34:18+00:00\",\"breadcrumb\":{\"@id\":\"https:\/\/www.hotelacquarius.it\/de\/info-und-buchung\/preisliste\/#breadcrumb\"},\"inLanguage\":\"de\",\"potentialAction\":[{\"@type\":\"ReadAction\",\"target\":[\"https:\/\/www.hotelacquarius.it\/de\/info-und-buchung\/preisliste\/\"]}]},{\"@type\":\"BreadcrumbList\",\"@id\":\"https:\/\/www.hotelacquarius.it\/de\/info-und-buchung\/preisliste\/#breadcrumb\",\"itemListElement\":[{\"@type\":\"ListItem\",\"position\":1,\"name\":\"Home\",\"item\":\"https:\/\/www.hotelacquarius.it\/de\/\"},{\"@type\":\"ListItem\",\"position\":2,\"name\":\"Info und Buchung\",\"item\":\"https:\/\/www.hotelacquarius.it\/de\/info-und-buchung\/\"},{\"@type\":\"ListItem\",\"position\":3,\"name\":\"Preisliste\"}]},{\"@type\":\"WebSite\",\"@id\":\"https:\/\/www.hotelacquarius.it\/en\/#website\",\"url\":\"https:\/\/www.hotelacquarius.it\/en\/\",\"name\":\"Hotel Acquarius\",\"description\":\"Marina di Campo, Isola d&#039;Elba\",\"potentialAction\":[{\"@type\":\"SearchAction\",\"target\":{\"@type\":\"EntryPoint\",\"urlTemplate\":\"https:\/\/www.hotelacquarius.it\/en\/?s={search_term_string}\"},\"query-input\":{\"@type\":\"PropertyValueSpecification\",\"valueRequired\":true,\"valueName\":\"search_term_string\"}}],\"inLanguage\":\"de\"}]}<\/script>\n<!-- \/ Yoast SEO plugin. -->","yoast_head_json":{"title":"Preisliste Hotel Acquarius, Marina di Campo, Insel Elba","robots":{"index":"index","follow":"follow","max-snippet":"max-snippet:-1","max-image-preview":"max-image-preview:large","max-video-preview":"max-video-preview:-1"},"canonical":"https:\/\/www.hotelacquarius.it\/de\/info-und-buchung\/preisliste\/","og_locale":"de_DE","og_type":"article","og_title":"Preisliste Hotel Acquarius, Marina di Campo, Insel Elba","og_description":"Band Zeit B&amp;B Halbpension Campingbett Erm\u00e4\u00dfigungen auf Zustellbetten Von Bis 2-6 anni 7-12 anni &gt;12 anni A 30\/04 29\/05 47,00 \u20ac 65,00 \u20ac 14,00 \u20ac 50% 40% 20% B 30\/05 05\/06 55,00 \u20ac 73,00 \u20ac 14,00 \u20ac 50% 40% 20% C 06\/06 12\/06 64,00 \u20ac 82,00 \u20ac 14,00 \u20ac 50% 40% 20% D 13\/06 19\/06 72,00 \u20ac 90,00 \u20ac 18,00 \u20ac 40% 30% 20% E...Read More","og_url":"https:\/\/www.hotelacquarius.it\/de\/info-und-buchung\/preisliste\/","og_site_name":"Hotel Acquarius","article_modified_time":"2025-12-04T10:34:18+00:00","twitter_card":"summary_large_image","twitter_misc":{"Gesch\u00e4tzte Lesezeit":"1\u00a0Minute"},"schema":{"@context":"https:\/\/schema.org","@graph":[{"@type":"WebPage","@id":"https:\/\/www.hotelacquarius.it\/de\/info-und-buchung\/preisliste\/","url":"https:\/\/www.hotelacquarius.it\/de\/info-und-buchung\/preisliste\/","name":"Preisliste Hotel Acquarius, Marina di Campo, Insel Elba","isPartOf":{"@id":"https:\/\/www.hotelacquarius.it\/en\/#website"},"datePublished":"2017-10-13T14:46:34+00:00","dateModified":"2025-12-04T10:34:18+00:00","breadcrumb":{"@id":"https:\/\/www.hotelacquarius.it\/de\/info-und-buchung\/preisliste\/#breadcrumb"},"inLanguage":"de","potentialAction":[{"@type":"ReadAction","target":["https:\/\/www.hotelacquarius.it\/de\/info-und-buchung\/preisliste\/"]}]},{"@type":"BreadcrumbList","@id":"https:\/\/www.hotelacquarius.it\/de\/info-und-buchung\/preisliste\/#breadcrumb","itemListElement":[{"@type":"ListItem","position":1,"name":"Home","item":"https:\/\/www.hotelacquarius.it\/de\/"},{"@type":"ListItem","position":2,"name":"Info und Buchung","item":"https:\/\/www.hotelacquarius.it\/de\/info-und-buchung\/"},{"@type":"ListItem","position":3,"name":"Preisliste"}]},{"@type":"WebSite","@id":"https:\/\/www.hotelacquarius.it\/en\/#website","url":"https:\/\/www.hotelacquarius.it\/en\/","name":"Hotel Acquarius","description":"Marina di Campo, Isola d&#039;Elba","potentialAction":[{"@type":"SearchAction","target":{"@type":"EntryPoint","urlTemplate":"https:\/\/www.hotelacquarius.it\/en\/?s={search_term_string}"},"query-input":{"@type":"PropertyValueSpecification","valueRequired":true,"valueName":"search_term_string"}}],"inLanguage":"de"}]}},"_links":{"self":[{"href":"https:\/\/www.hotelacquarius.it\/de\/wp-json\/wp\/v2\/pages\/1210","targetHints":{"allow":["GET"]}}],"collection":[{"href":"https:\/\/www.hotelacquarius.it\/de\/wp-json\/wp\/v2\/pages"}],"about":[{"href":"https:\/\/www.hotelacquarius.it\/de\/wp-json\/wp\/v2\/types\/page"}],"author":[{"embeddable":true,"href":"https:\/\/www.hotelacquarius.it\/de\/wp-json\/wp\/v2\/users\/1"}],"replies":[{"embeddable":true,"href":"https:\/\/www.hotelacquarius.it\/de\/wp-json\/wp\/v2\/comments?post=1210"}],"version-history":[{"count":15,"href":"https:\/\/www.hotelacquarius.it\/de\/wp-json\/wp\/v2\/pages\/1210\/revisions"}],"predecessor-version":[{"id":1732,"href":"https:\/\/www.hotelacquarius.it\/de\/wp-json\/wp\/v2\/pages\/1210\/revisions\/1732"}],"up":[{"embeddable":true,"href":"https:\/\/www.hotelacquarius.it\/de\/wp-json\/wp\/v2\/pages\/1203"}],"wp:attachment":[{"href":"https:\/\/www.hotelacquarius.it\/de\/wp-json\/wp\/v2\/media?parent=1210"}],"curies":[{"name":"wp","href":"https:\/\/api.w.org\/{rel}","templated":true}]}}