{"id":1112,"date":"2017-10-11T10:13:39","date_gmt":"2017-10-11T08:13:39","guid":{"rendered":"https:\/\/www.hotelacquarius.it\/home\/"},"modified":"2025-11-13T08:32:52","modified_gmt":"2025-11-13T07:32:52","slug":"home","status":"publish","type":"page","link":"https:\/\/www.hotelacquarius.it\/en\/","title":{"rendered":"Home"},"content":{"rendered":"<div class=\"slider-available-sec\"><section class=\"colosseum-main-slider\">\n\t\t\t\t\t\t<div class=\"items\">\n\t\t\t\t\t\t\t<div class=\"img-container\" data-bg-img=\"https:\/\/www.hotelacquarius.it\/wp-content\/uploads\/header_1.jpg\"><\/div>\n\t\t\t\t\t\t\t<div class=\"slide-caption\">\n\t\t\t\t\t\t\t\t<div class=\"inner-container clearfix\">\n\t\t\t\t\t\t\t\t\t<div class=\"up-sec\">Confortevole Soggiorno<\/div>\n\t\t\t\t\t\t\t\t\t<div class=\"down-sec\">Vicino alla Spiaggia<\/div>\n\t\t\t\t\t\t\t\t<\/div>\n\t\t\t\t\t\t\t<\/div><\/div>\n\t\t\t\t\t\t<div class=\"items\">\n\t\t\t\t\t\t\t<div class=\"img-container\" data-bg-img=\"https:\/\/www.hotelacquarius.it\/wp-content\/uploads\/header_2.jpg\"><\/div>\n\t\t\t\t\t\t\t<div class=\"slide-caption\">\n\t\t\t\t\t\t\t\t<div class=\"inner-container clearfix\">\n\t\t\t\t\t\t\t\t\t<div class=\"up-sec\">Rilassati nelle Nostre<\/div>\n\t\t\t\t\t\t\t\t\t<div class=\"down-sec\">Camere Moderne<\/div>\n\t\t\t\t\t\t\t\t<\/div>\n\t\t\t\t\t\t\t<\/div><\/div>\n\t\t\t\t\t\t<div class=\"items\">\n\t\t\t\t\t\t\t<div class=\"img-container\" data-bg-img=\"https:\/\/www.hotelacquarius.it\/wp-content\/uploads\/header_3.jpg\"><\/div>\n\t\t\t\t\t\t\t<div class=\"slide-caption\">\n\t\t\t\t\t\t\t\t<div class=\"inner-container clearfix\">\n\t\t\t\t\t\t\t\t\t<div class=\"up-sec\">Scopri il Sapore Mediterraneo<\/div>\n\t\t\t\t\t\t\t\t\t<div class=\"down-sec\">Dei Nostri Piatti<\/div>\n\t\t\t\t\t\t\t\t<\/div>\n\t\t\t\t\t\t\t<\/div><\/div><\/section>\n\t\t\t\t\t<section class=\"main-availability-form \">\n\t\t\t\t\t\t<div class=\"inner-container container\">\n\t\t\t\t\t\t\t<div class=\"l-sec col-md-4\">\n\t\t\t\t\t\t\t\t<div class=\"ravis-title\">\n\t\t\t\t\t\t\t\t\t<div class=\"inner-box\">\n\t\t\t\t\t\t\t\t\t\t<div class=\"title\">Find a Room<\/div>\n\t\t\t\t\t\t\t\t\t\t<div class=\"sub-title\">When you want to be our guest?<\/div>\n\t\t\t\t\t\t\t\t\t<\/div>\n\t\t\t\t\t\t\t\t<\/div>\n\t\t\t\t\t\t\t<\/div>\n\t\t\t\t\t\t\t<div class=\"r-sec col-md-8\">\n\t\t\t\t\t\t\t\t<form class=\"booking-form clearfix\" action=\"https:\/\/www.hotelacquarius.it\/en\/info-and-booking\/\" method=\"post\">\n\t\t\t\t\t\t\t\t\t<div class=\"col-md-10\">\n\t\t\t\t\t\t\t\t\t\t<div class=\"row\">\n\t\t\t\t\t\t\t\t\t\t\t<div class=\"input-daterange col-md-12\">\n\t\t\t\t\t\t\t\t\t\t\t\t<div class=\"booking-fields col-md-6\">\n\t\t\t\t\t\t\t\t\t\t\t\t\t<input placeholder=\"Check in\" class=\"datepicker-fields check-in\" type=\"text\" name=\"start\"\/>\n\t\t\t\t\t\t\t\t\t\t\t\t\t<i class=\"fa fa-calendar\"><\/i>\n\t\t\t\t\t\t\t\t\t\t\t\t<\/div>\n\t\t\t\t\t\t\t\t\t\t\t\t<div class=\"booking-fields col-md-6\">\n\t\t\t\t\t\t\t\t\t\t\t\t\t<input placeholder=\"Check out\" class=\"datepicker-fields check-out\" type=\"text\" name=\"end\"\/>\n\t\t\t\t\t\t\t\t\t\t\t\t\t<i class=\"fa fa-calendar\"><\/i>\n\t\t\t\t\t\t\t\t\t\t\t\t<\/div>\n\t\t\t\t\t\t\t\t\t\t\t<\/div>\n\t\t\t\t\t\t\t\t\t\t<\/div>\n\t\t\t\t\t\t\t\t\t\t<div class=\"room-field-container\">\n\t\t\t\t\t\t\t\t\t\t\t<div class=\"row\">\n\t\t\t\t\t\t\t\t\t\t\t\t<div class=\"booking-fields col-md-6\">\n\t\t\t\t\t\t\t\t\t\t\t\t\t<select name=\"adult\">\n\t\t\t\t\t\t\t\t\t\t\t\t\t\t<option value=\"1\">1 Adult<\/option>\n\t\t\t\t\t\t\t\t\t\t\t\t\t\t<option value=\"2\">2 Adults<\/option>\n\t\t\t\t\t\t\t\t\t\t\t\t\t\t<option value=\"3\">3 Adults<\/option>\n\t\t\t\t\t\t\t\t\t\t\t\t\t\t<option value=\"4\">4 Adults<\/option>\n\t\t\t\t\t\t\t\t\t\t\t\t\t\t<option value=\"5\">5 Adults<\/option>\n\t\t\t\t\t\t\t\t\t\t\t\t\t<\/select>\n\t\t\t\t\t\t\t\t\t\t\t\t<\/div>\n\t\t\t\t\t\t\t\t\t\t\t\t<div class=\"booking-fields col-md-6\">\n\t\t\t\t\t\t\t\t\t\t\t\t\t<select name=\"child\">\n\t\t\t\t\t\t\t\t\t\t\t\t\t\t<option value=\"0\">No Child<\/option>\n\t\t\t\t\t\t\t\t\t\t\t\t\t\t<option value=\"1\">1 Children<\/option>\n\t\t\t\t\t\t\t\t\t\t\t\t\t\t<option value=\"2\">2 Children<\/option>\n\t\t\t\t\t\t\t\t\t\t\t\t\t\t<option value=\"3\">3 Children<\/option>\n\t\t\t\t\t\t\t\t\t\t\t\t\t\t<option value=\"4\">4 Children<\/option>\n\t\t\t\t\t\t\t\t\t\t\t\t\t\t<option value=\"5\">5 Children<\/option>\n\t\t\t\t\t\t\t\t\t\t\t\t\t<\/select>\n\t\t\t\t\t\t\t\t\t\t\t\t<\/div>\n\t\t\t\t\t\t\t\t\t\t\t<\/div>\n\t\t\t\t\t\t\t\t\t\t<\/div>\n\t\t\t\t\t\t\t\t\t<\/div>\n\t\t\t\t\t\t\t\t\t<div class=\"col-md-2\">\n\t\t\t\t\t\t\t\t\t\t<button type=\"submit\" class=\"ravis-btn btn-type-1\">\n\t\t\t\t\t\t\t\t\t\t\t<span class=\"inner-box\">Continue<br \/>&#8594<\/span>\n\t\t\t\t\t\t\t\t\t\t<\/button>\n\t\t\t\t\t\t\t\t\t<\/div>\n\t\t\t\t\t\t\t\t<\/form>\n\t\t\t\t\t\t\t<\/div>\n\t\t\t\t\t\t<\/div>\n\t\t\t\t\t<\/section><\/div>\n<p>\n\t\t\t\t<section id=\"welcome-section\" class=\" \">\n\t\t\t\t\t<div class=\"inner-container container\">\n\t\t\t\t\t\t<div class=\"l-sec col-md-7\">\n\t\t\t\t\t\t\t<div class=\"ravis-title-t-1\">\n\t\t\t\t\t\t\t\t<div class=\"title\"><span>Welcome to Marina di Campo<\/span><\/div>\n\t\t\t\t\t\t\t\t<div class=\"sub-title\">The most famous resort on the Island of Elba.<\/div>\n\t\t\t\t\t\t\t<\/div>\n\t\t\t\t\t\t\t<div class=\"content\">Located just 80 meters from the beautiful sandy beach of Marina di Campo and at the beginning of the pedestrian zone of the village away. The recently renovated hotel offers different types of rooms, all equipped with the most necessary amenities and services.<\/p>\n<p>The family management attaches great importance to the needs of the clients, who can choose daily whether you would like the room with breakfast, half board or full board. The kitchen serves local and international dishes, expertly prepared by the chef.<\/div><\/div><div class=\"r-sec col-md-5\"><a href=\"https:\/\/vimeo.com\/1136385076\"><img decoding=\"async\" src=\"https:\/\/www.hotelacquarius.it\/wp-content\/uploads\/img_acquarius_reception_play.jpg\" alt=\"Welcome to Marina di Campo\"><\/a><\/div>\n\t\t\t\t\t<\/div>\n\t\t\t\t<\/section><section id=\"luxury-rooms\" class=\"clearfix\">\n\t\t\t\t\t\t<div class=\"room-boxes col-sm-6 col-md-3\">\n\t\t\t\t\t\t\t<a href=\"https:\/\/www.hotelacquarius.it\/en\/rooms\/king-room\/\" class=\"inner-container\" data-bg=\"https:\/\/www.hotelacquarius.it\/wp-content\/uploads\/king_suite_01.jpg\">\n\t\t\t\t\t\t\t\t<span class=\"ravis-title\">\n\t\t\t\t\t\t\t\t\t<span class=\"inner-box\">\n\t\t\t\t\t\t\t\t\t\t<span class=\"title\">King Room<\/span>\n\t\t\t\t\t\t\t\t\t\t<span class=\"sub-title\">Sea side with sun terrace<\/span>\n\t\t\t\t\t\t\t\t\t<\/span>\n\t\t\t\t\t\t\t\t<\/span>\n\t\t\t\t\t\t\t<\/a>\n\t\t\t\t\t\t<\/div>\n\t\t\t\t\t\t<div class=\"room-boxes col-sm-6 col-md-3\">\n\t\t\t\t\t\t\t<a href=\"https:\/\/www.hotelacquarius.it\/en\/rooms\/see-view-bedroom\/\" class=\"inner-container\" data-bg=\"https:\/\/www.hotelacquarius.it\/wp-content\/uploads\/see_view_01.jpg\">\n\t\t\t\t\t\t\t\t<span class=\"ravis-title\">\n\t\t\t\t\t\t\t\t\t<span class=\"inner-box\">\n\t\t\t\t\t\t\t\t\t\t<span class=\"title\">See View Bedroom<\/span>\n\t\t\t\t\t\t\t\t\t\t<span class=\"sub-title\">Sea side with balcony<\/span>\n\t\t\t\t\t\t\t\t\t<\/span>\n\t\t\t\t\t\t\t\t<\/span>\n\t\t\t\t\t\t\t<\/a>\n\t\t\t\t\t\t<\/div>\n\t\t\t\t\t\t<div class=\"room-boxes col-sm-6 col-md-3\">\n\t\t\t\t\t\t\t<a href=\"https:\/\/www.hotelacquarius.it\/en\/rooms\/small-one-bedroom\/\" class=\"inner-container\" data-bg=\"https:\/\/www.hotelacquarius.it\/wp-content\/uploads\/small_one_01.jpg\">\n\t\t\t\t\t\t\t\t<span class=\"ravis-title\">\n\t\t\t\t\t\t\t\t\t<span class=\"inner-box\">\n\t\t\t\t\t\t\t\t\t\t<span class=\"title\">Small One Bedroom<\/span>\n\t\t\t\t\t\t\t\t\t\t<span class=\"sub-title\">Sea side with balcony<\/span>\n\t\t\t\t\t\t\t\t\t<\/span>\n\t\t\t\t\t\t\t\t<\/span>\n\t\t\t\t\t\t\t<\/a>\n\t\t\t\t\t\t<\/div>\n\t\t\t\t\t\t<div class=\"room-boxes col-sm-6 col-md-3\">\n\t\t\t\t\t\t\t<a href=\"https:\/\/www.hotelacquarius.it\/en\/rooms\/standard-bedroom\/\" class=\"inner-container\" data-bg=\"https:\/\/www.hotelacquarius.it\/wp-content\/uploads\/standard_01.jpg\">\n\t\t\t\t\t\t\t\t<span class=\"ravis-title\">\n\t\t\t\t\t\t\t\t\t<span class=\"inner-box\">\n\t\t\t\t\t\t\t\t\t\t<span class=\"title\">Standard Bedroom<\/span>\n\t\t\t\t\t\t\t\t\t\t<span class=\"sub-title\">Without balcony<\/span>\n\t\t\t\t\t\t\t\t\t<\/span>\n\t\t\t\t\t\t\t\t<\/span>\n\t\t\t\t\t\t\t<\/a>\n\t\t\t\t\t\t<\/div><\/section>\n\t\t\t\t\t<section id=\"special-offers\">\n\t\t\t\t\t\t<div class=\"inner-container container\">\n\t\t\t\t\t\t<div class=\"ravis-title\">\n\t\t\t\t\t\t\t<div class=\"inner-box\">\n\t\t\t\t\t\t\t\t<div class=\"title\"><span>Our Offers<\/span><\/div>\n\t\t\t\t\t\t\t\t<div class=\"sub-title\">Contact us on 0565 976931 or ask us via e-mail<\/div>\n\t\t\t\t\t\t\t<\/div>\n\t\t\t\t\t\t<\/div>\n\t\t\t\t\t\t\t<div class=\"main-desc\"><\/div>\n\t\t\t\t\t\t\t<div class=\"packages-container clearfix\">\n\t\t\t\t\t\t\t<div class=\"package-box col-sm-6 col-md-6\">\n\t\t\t\t\t\t\t\t\t<div class=\"main-inner-box\" data-bg-img=\"https:\/\/www.hotelacquarius.it\/wp-content\/uploads\/offerte_bg.jpg\">\n\t\t\t\t\t\t\t\t\t\t<div class=\"title-box\">\n\t\t\t\t\t\t\t\t\t\t\t<div class=\"title\">Azzurra week<\/div>\n\t\t\t\t\t\t\t\t\t\t\t<div class=\"sub-title\"><\/div>\n\t\t\t\t\t\t\t\t\t\t<\/div>\n\t\t\t\t\t\t\t\t\t\t<div class=\"price-box\"><div class=\"price\">One day for free<\/div><\/div>\n\t\t\t\t\t\t\t\t\t\t<div class=\"detail-box\"><ul><li><div class=\"inner-box\">Until and incl. 12.06.2026 and 13.09.2026, the seventh day of a fully booked week is free<\/div><\/li><\/ul>\n\t\t\t\t\t\t\t\t\t\t<\/div>\n\t\t\t\t\t\t\t\t\t\t<a href=\"https:\/\/www.hotelacquarius.it\/en\/info-and-booking\/\"><button type=\"submit\" class=\"ravis-btn btn-type-2\">Request information<\/button><\/a>\n\t\t\t\t\t\t\t\t\t<\/div>\n\t\t\t\t\t\t\t<\/div>\n\t\t\t\t\t\t\t<div class=\"package-box col-sm-6 col-md-6\">\n\t\t\t\t\t\t\t\t\t<div class=\"main-inner-box\" data-bg-img=\"https:\/\/www.hotelacquarius.it\/wp-content\/uploads\/offerte_bg.jpg\">\n\t\t\t\t\t\t\t\t\t\t<div class=\"title-box\">\n\t\t\t\t\t\t\t\t\t\t\t<div class=\"title\">Early bird discount<\/div>\n\t\t\t\t\t\t\t\t\t\t\t<div class=\"sub-title\"><\/div>\n\t\t\t\t\t\t\t\t\t\t<\/div>\n\t\t\t\t\t\t\t\t\t\t<div class=\"price-box\"><div class=\"price\">Discount of 3 \u20ac per day<\/div><\/div>\n\t\t\t\t\t\t\t\t\t\t<div class=\"detail-box\"><ul><li><div class=\"inner-box\">Book your holiday at least 60 days in advance, then you will receive a discount of 3 \u20ac per person per day on the prices of the price list.<\/div><\/li><li><div class=\"inner-box\">The discount is invalid in the period from 08.8.2026 until and 22.8.2026<\/div><\/li><\/ul>\n\t\t\t\t\t\t\t\t\t\t<\/div>\n\t\t\t\t\t\t\t\t\t\t<a href=\"https:\/\/www.hotelacquarius.it\/en\/info-and-booking\/\"><button type=\"submit\" class=\"ravis-btn btn-type-2\">Request information<\/button><\/a>\n\t\t\t\t\t\t\t\t\t<\/div>\n\t\t\t\t\t\t\t<\/div><\/section>\n\t\t\t\t\t\t<\/div>\n\t\t\t\t\t<\/div>\n\t\t\t\t<\/section>\n\t\t\t\t<section id=\"testimonials-section\" data-bg-img=\"https:\/\/www.hotelacquarius.it\/wp-content\/uploads\/recensioni_bg.jpg\">\n\t\t\t\t\t<div class=\"inner-container container\">\n\t\t\t\t\t\t<div class=\"owl-carousel owl-theme\">\n\t\t\t\t\t\t<div class=\"item\">\n\t\t\t\t\t\t\t<div class=\"guest\">\n\t\t\t\t\t\t\t\t<div class=\"ravis-title\">\n\t\t\t\t\t\t\t\t\t<div class=\"inner-box\">\n\t\t\t\t\t\t\t\t\t\t<div class=\"title\">Alcor61<\/div>\n\t\t\t\t\t\t\t\t\t\t<div class=\"sub-title\">Tripadvisor<\/div>\n\t\t\t\t\t\t\t\t\t<\/div>\n\t\t\t\t\t\t\t\t<\/div>\n\t\t\t\t\t\t\t<\/div>\n\t\t\t\t\t\t\t<div class=\"text\">Situato in posizione centralissima a Marina di Campo, e molto vicino alla spiaggia. Parcheggio privato con moltissimi posti a disposizione. Personale gentilissimo e attento, cucina varia e di ottima qualit\u00e0. \r\nPrezzi onesti e con un buon rapporto qualit\u00e0 prezzo. Camere appena ristrutturate e molto pulite.\r\nComplessivamente una vacanza in completo relax.\r\nCi torneremo sicuramente!<\/div>\n\t\t\t\t\t\t<\/div>\n\t\t\t\t\t\t<div class=\"item\">\n\t\t\t\t\t\t\t<div class=\"guest\">\n\t\t\t\t\t\t\t\t<div class=\"ravis-title\">\n\t\t\t\t\t\t\t\t\t<div class=\"inner-box\">\n\t\t\t\t\t\t\t\t\t\t<div class=\"title\">Senio B<\/div>\n\t\t\t\t\t\t\t\t\t\t<div class=\"sub-title\">Tripadvisor<\/div>\n\t\t\t\t\t\t\t\t\t<\/div>\n\t\t\t\t\t\t\t\t<\/div>\n\t\t\t\t\t\t\t<\/div>\n\t\t\t\t\t\t\t<div class=\"text\">Sono stato in questa struttura dal 4 al 10 settembre: proprietari gentili e competenti, personale all&#039;altezza, molto cortese e disponibile; posizione vicinissima al mare (splendida baia). Esperienza da ripetere e da consigliare.<\/div>\n\t\t\t\t\t\t<\/div>\n\t\t\t\t\t\t<div class=\"item\">\n\t\t\t\t\t\t\t<div class=\"guest\">\n\t\t\t\t\t\t\t\t<div class=\"ravis-title\">\n\t\t\t\t\t\t\t\t\t<div class=\"inner-box\">\n\t\t\t\t\t\t\t\t\t\t<div class=\"title\">Tati204<\/div>\n\t\t\t\t\t\t\t\t\t\t<div class=\"sub-title\">Tripadvisor<\/div>\n\t\t\t\t\t\t\t\t\t<\/div>\n\t\t\t\t\t\t\t\t<\/div>\n\t\t\t\t\t\t\t<\/div>\n\t\t\t\t\t\t\t<div class=\"text\">Abbiamo soggiornato in pensione completa nella seconda met\u00e0 del mese di agosto. Competenza e cortesia caratterizzano sia i proprietari che il personale, gli ambienti sono puliti e accoglienti, ad ogni pasto la scelta \u00e8 tra tre diversi menu e le portate sono sempre curate, insomma il rapporto qualit\u00e0 - prezzo \u00e8 ottimo.\r\nConsiglio le camere vista mare perch\u00e9 sono provviste di balcone (in alcune camere sono anche molto ampi).<\/div>\n\t\t\t\t\t\t<\/div>\n\t\t\t\t\t\t<\/div>\n\t\t\t\t\t<\/div>\n\t\t\t\t<\/section>\n\t\t\t\t<section id=\"gallery\">\n\t\t\t\t\t<div class=\"inner-container container\">\n\t\t\t\t\t\t<div class=\"ravis-title\">\n\t\t\t\t\t\t\t<div class=\"inner-box\">\n\t\t\t\t\t\t\t\t<div class=\"title\">Photo Gallery<\/div>\n\t\t\t\t\t\t\t\t<div class=\"sub-title\">Experience the best services with us<\/div>\n\t\t\t\t\t\t\t<\/div>\n\t\t\t\t\t\t<\/div>\n\t\t\t\t\t\t<div class=\"gallery-container  \">\n\t\t\t\t\t\t\t<div class=\"sort-section\">\n\t\t\t\t\t\t\t\t<div class=\"sort-section-container\">\n\t\t\t\t\t\t\t\t\t<div class=\"sort-handle\">Filters<\/div>\n\t\t\t\t\t\t\t\t\t<ul class=\"list-inline\">\n\t\t\t\t\t\t\t\t\t\t<li><a href=\"#\" data-filter=\"*\" class=\"active\">All<\/a><\/li>\n\t\t\t\t\t\t\t\t\t\t<li><a href=\"#\" data-filter=\".\"><\/a><\/li><li><a href=\"#\" data-filter=\".cucina\">Cucina<\/a><\/li><li><a href=\"#\" data-filter=\".sala-hotel-acquarius\">Sala Hotel Acquarius<\/a><\/li><li><a href=\"#\" data-filter=\".camere\">Camere<\/a><\/li><li><a href=\"#\" data-filter=\".hotel\">Hotel<\/a><\/li>\n\t\t\t\t\t\t\t\t\t<\/ul>\n\t\t\t\t\t\t\t\t<\/div>\n\t\t\t\t\t\t\t<\/div>\n\t\t\t\t\t\t\t<ul class=\"image-main-box clearfix\">\n\t\t\t\t\t\t\t\t\n\t\t\t\t\t\t\t\t<li class=\"item col-xs-6 col-md-4 \">\n\t\t\t\t\t\t\t\t\t<figure>\n\t\t\t\t\t\t\t\t\t\t<img decoding=\"async\" src=\"https:\/\/www.hotelacquarius.it\/wp-content\/uploads\/home_2023_01.jpg\" alt=\"home_2023_01\"\/>\n\t\t\t\t\t\t\t\t\t\t<a href=\"https:\/\/www.hotelacquarius.it\/wp-content\/uploads\/home_2023_01.jpg\" class=\"more-details\" data-title=\"home_2023_01\">Enlarge<\/a>\n\t\t\t\t\t\t\t\t\t\t<figcaption>\n\t\t\t\t\t\t\t\t\t\t\t<h4>home_2023_01<\/h4>\n\t\t\t\t\t\t\t\t\t\t<\/figcaption>\n\t\t\t\t\t\t\t\t\t<\/figure>\n\t\t\t\t\t\t\t\t<\/li>\n\t\t\t\t\t\t\t\t<li class=\"item col-xs-6 col-md-4 cucina\">\n\t\t\t\t\t\t\t\t\t<figure>\n\t\t\t\t\t\t\t\t\t\t<img decoding=\"async\" src=\"https:\/\/www.hotelacquarius.it\/wp-content\/uploads\/home_01.jpg\" alt=\"Ristorante\"\/>\n\t\t\t\t\t\t\t\t\t\t<a href=\"https:\/\/www.hotelacquarius.it\/wp-content\/uploads\/home_01.jpg\" class=\"more-details\" data-title=\"Ristorante\">Enlarge<\/a>\n\t\t\t\t\t\t\t\t\t\t<figcaption>\n\t\t\t\t\t\t\t\t\t\t\t<h4>Ristorante<\/h4>\n\t\t\t\t\t\t\t\t\t\t<\/figcaption>\n\t\t\t\t\t\t\t\t\t<\/figure>\n\t\t\t\t\t\t\t\t<\/li>\n\t\t\t\t\t\t\t\t<li class=\"item col-xs-6 col-md-4 sala-hotel-acquarius\">\n\t\t\t\t\t\t\t\t\t<figure>\n\t\t\t\t\t\t\t\t\t\t<img decoding=\"async\" src=\"https:\/\/www.hotelacquarius.it\/wp-content\/uploads\/home_2021_02.jpg\" alt=\"Sala\"\/>\n\t\t\t\t\t\t\t\t\t\t<a href=\"https:\/\/www.hotelacquarius.it\/wp-content\/uploads\/home_2021_02.jpg\" class=\"more-details\" data-title=\"Sala\">Enlarge<\/a>\n\t\t\t\t\t\t\t\t\t\t<figcaption>\n\t\t\t\t\t\t\t\t\t\t\t<h4>Sala<\/h4>\n\t\t\t\t\t\t\t\t\t\t<\/figcaption>\n\t\t\t\t\t\t\t\t\t<\/figure>\n\t\t\t\t\t\t\t\t<\/li>\n\t\t\t\t\t\t\t\t<li class=\"item col-xs-6 col-md-4 camere\">\n\t\t\t\t\t\t\t\t\t<figure>\n\t\t\t\t\t\t\t\t\t\t<img decoding=\"async\" src=\"https:\/\/www.hotelacquarius.it\/wp-content\/uploads\/home_04.jpg\" alt=\"Camera\"\/>\n\t\t\t\t\t\t\t\t\t\t<a href=\"https:\/\/www.hotelacquarius.it\/wp-content\/uploads\/home_04.jpg\" class=\"more-details\" data-title=\"Camera\">Enlarge<\/a>\n\t\t\t\t\t\t\t\t\t\t<figcaption>\n\t\t\t\t\t\t\t\t\t\t\t<h4>Camera<\/h4>\n\t\t\t\t\t\t\t\t\t\t<\/figcaption>\n\t\t\t\t\t\t\t\t\t<\/figure>\n\t\t\t\t\t\t\t\t<\/li>\n\t\t\t\t\t\t\t\t<li class=\"item col-xs-6 col-md-4 hotel\">\n\t\t\t\t\t\t\t\t\t<figure>\n\t\t\t\t\t\t\t\t\t\t<img decoding=\"async\" src=\"https:\/\/www.hotelacquarius.it\/wp-content\/uploads\/home_05.jpg\" alt=\"Reception\"\/>\n\t\t\t\t\t\t\t\t\t\t<a href=\"https:\/\/www.hotelacquarius.it\/wp-content\/uploads\/home_05.jpg\" class=\"more-details\" data-title=\"Reception\">Enlarge<\/a>\n\t\t\t\t\t\t\t\t\t\t<figcaption>\n\t\t\t\t\t\t\t\t\t\t\t<h4>Reception<\/h4>\n\t\t\t\t\t\t\t\t\t\t<\/figcaption>\n\t\t\t\t\t\t\t\t\t<\/figure>\n\t\t\t\t\t\t\t\t<\/li>\n\t\t\t\t\t\t\t\t<li class=\"item col-xs-6 col-md-4 camere\">\n\t\t\t\t\t\t\t\t\t<figure>\n\t\t\t\t\t\t\t\t\t\t<img decoding=\"async\" src=\"https:\/\/www.hotelacquarius.it\/wp-content\/uploads\/home_06.jpg\" alt=\"Balcone Camere\"\/>\n\t\t\t\t\t\t\t\t\t\t<a href=\"https:\/\/www.hotelacquarius.it\/wp-content\/uploads\/home_06.jpg\" class=\"more-details\" data-title=\"Balcone Camere\">Enlarge<\/a>\n\t\t\t\t\t\t\t\t\t\t<figcaption>\n\t\t\t\t\t\t\t\t\t\t\t<h4>Balcone Camere<\/h4>\n\t\t\t\t\t\t\t\t\t\t<\/figcaption>\n\t\t\t\t\t\t\t\t\t<\/figure>\n\t\t\t\t\t\t\t\t<\/li>\n\t\t\t\t\t\t\t\t<li class=\"item col-xs-6 col-md-4 cucina\">\n\t\t\t\t\t\t\t\t\t<figure>\n\t\t\t\t\t\t\t\t\t\t<img decoding=\"async\" src=\"https:\/\/www.hotelacquarius.it\/wp-content\/uploads\/home_08.jpg\" alt=\"Ristorante\"\/>\n\t\t\t\t\t\t\t\t\t\t<a href=\"https:\/\/www.hotelacquarius.it\/wp-content\/uploads\/home_08.jpg\" class=\"more-details\" data-title=\"Ristorante\">Enlarge<\/a>\n\t\t\t\t\t\t\t\t\t\t<figcaption>\n\t\t\t\t\t\t\t\t\t\t\t<h4>Ristorante<\/h4>\n\t\t\t\t\t\t\t\t\t\t<\/figcaption>\n\t\t\t\t\t\t\t\t\t<\/figure>\n\t\t\t\t\t\t\t\t<\/li>\n\t\t\t\t\t\t\t\t<li class=\"item col-xs-6 col-md-4 camere\">\n\t\t\t\t\t\t\t\t\t<figure>\n\t\t\t\t\t\t\t\t\t\t<img decoding=\"async\" src=\"https:\/\/www.hotelacquarius.it\/wp-content\/uploads\/home_11.jpg\" alt=\"Camera\"\/>\n\t\t\t\t\t\t\t\t\t\t<a href=\"https:\/\/www.hotelacquarius.it\/wp-content\/uploads\/home_11.jpg\" class=\"more-details\" data-title=\"Camera\">Enlarge<\/a>\n\t\t\t\t\t\t\t\t\t\t<figcaption>\n\t\t\t\t\t\t\t\t\t\t\t<h4>Camera<\/h4>\n\t\t\t\t\t\t\t\t\t\t<\/figcaption>\n\t\t\t\t\t\t\t\t\t<\/figure>\n\t\t\t\t\t\t\t\t<\/li>\n\t\t\t\t\t\t\t\t<li class=\"item col-xs-6 col-md-4 cucina\">\n\t\t\t\t\t\t\t\t\t<figure>\n\t\t\t\t\t\t\t\t\t\t<img decoding=\"async\" src=\"https:\/\/www.hotelacquarius.it\/wp-content\/uploads\/home_10.jpg\" alt=\"Ristorante\"\/>\n\t\t\t\t\t\t\t\t\t\t<a href=\"https:\/\/www.hotelacquarius.it\/wp-content\/uploads\/home_10.jpg\" class=\"more-details\" data-title=\"Ristorante\">Enlarge<\/a>\n\t\t\t\t\t\t\t\t\t\t<figcaption>\n\t\t\t\t\t\t\t\t\t\t\t<h4>Ristorante<\/h4>\n\t\t\t\t\t\t\t\t\t\t<\/figcaption>\n\t\t\t\t\t\t\t\t\t<\/figure>\n\t\t\t\t\t\t\t\t<\/li>\n\t\t\t\t\t\t\t<\/ul>\n\t\t\t\t\t\t<\/div>\n\t\t\t\t\t<\/div>\n\t\t\t\t<\/section><\/p>\n","protected":false},"excerpt":{"rendered":"","protected":false},"author":1,"featured_media":0,"parent":0,"menu_order":0,"comment_status":"closed","ping_status":"closed","template":"","meta":{"footnotes":""},"class_list":["post-1112","page","type-page","status-publish","hentry"],"yoast_head":"<!-- This site is optimized with the Yoast SEO plugin v26.3 - https:\/\/yoast.com\/wordpress\/plugins\/seo\/ -->\n<title>Hotel Acquarius, Marina di Campo, Elba Island<\/title>\n<meta name=\"description\" content=\"The Hotel Acquarius is located just 80 meters from the beautiful sandy beach of Marina di Campo and at the beginning of the the village away.\" \/>\n<meta name=\"robots\" content=\"index, follow, max-snippet:-1, max-image-preview:large, max-video-preview:-1\" \/>\n<link rel=\"canonical\" href=\"https:\/\/www.hotelacquarius.it\/en\/\" \/>\n<meta property=\"og:locale\" content=\"en_US\" \/>\n<meta property=\"og:type\" content=\"article\" \/>\n<meta property=\"og:title\" content=\"Hotel Acquarius, Marina di Campo, Elba Island\" \/>\n<meta property=\"og:description\" content=\"The Hotel Acquarius is located just 80 meters from the beautiful sandy beach of Marina di Campo and at the beginning of the the village away.\" \/>\n<meta property=\"og:url\" content=\"https:\/\/www.hotelacquarius.it\/en\/\" \/>\n<meta property=\"og:site_name\" content=\"Hotel Acquarius\" \/>\n<meta property=\"article:modified_time\" content=\"2025-11-13T07:32:52+00:00\" \/>\n<meta name=\"twitter:card\" content=\"summary_large_image\" \/>\n<meta name=\"twitter:label1\" content=\"Est. reading time\" \/>\n\t<meta name=\"twitter:data1\" content=\"1 minute\" \/>\n<script type=\"application\/ld+json\" class=\"yoast-schema-graph\">{\"@context\":\"https:\/\/schema.org\",\"@graph\":[{\"@type\":\"WebPage\",\"@id\":\"https:\/\/www.hotelacquarius.it\/en\/\",\"url\":\"https:\/\/www.hotelacquarius.it\/en\/\",\"name\":\"Hotel Acquarius, Marina di Campo, Elba Island\",\"isPartOf\":{\"@id\":\"https:\/\/www.hotelacquarius.it\/en\/#website\"},\"datePublished\":\"2017-10-11T08:13:39+00:00\",\"dateModified\":\"2025-11-13T07:32:52+00:00\",\"description\":\"The Hotel Acquarius is located just 80 meters from the beautiful sandy beach of Marina di Campo and at the beginning of the the village away.\",\"breadcrumb\":{\"@id\":\"https:\/\/www.hotelacquarius.it\/en\/#breadcrumb\"},\"inLanguage\":\"en-US\",\"potentialAction\":[{\"@type\":\"ReadAction\",\"target\":[\"https:\/\/www.hotelacquarius.it\/en\/\"]}]},{\"@type\":\"BreadcrumbList\",\"@id\":\"https:\/\/www.hotelacquarius.it\/en\/#breadcrumb\",\"itemListElement\":[{\"@type\":\"ListItem\",\"position\":1,\"name\":\"Home\",\"item\":\"https:\/\/www.hotelacquarius.it\/en\/\"},{\"@type\":\"ListItem\",\"position\":2,\"name\":\"Home\"}]},{\"@type\":\"WebSite\",\"@id\":\"https:\/\/www.hotelacquarius.it\/en\/#website\",\"url\":\"https:\/\/www.hotelacquarius.it\/en\/\",\"name\":\"Hotel Acquarius\",\"description\":\"Marina di Campo, Isola d&#039;Elba\",\"potentialAction\":[{\"@type\":\"SearchAction\",\"target\":{\"@type\":\"EntryPoint\",\"urlTemplate\":\"https:\/\/www.hotelacquarius.it\/en\/?s={search_term_string}\"},\"query-input\":{\"@type\":\"PropertyValueSpecification\",\"valueRequired\":true,\"valueName\":\"search_term_string\"}}],\"inLanguage\":\"en-US\"}]}<\/script>\n<!-- \/ Yoast SEO plugin. -->","yoast_head_json":{"title":"Hotel Acquarius, Marina di Campo, Elba Island","description":"The Hotel Acquarius is located just 80 meters from the beautiful sandy beach of Marina di Campo and at the beginning of the the village away.","robots":{"index":"index","follow":"follow","max-snippet":"max-snippet:-1","max-image-preview":"max-image-preview:large","max-video-preview":"max-video-preview:-1"},"canonical":"https:\/\/www.hotelacquarius.it\/en\/","og_locale":"en_US","og_type":"article","og_title":"Hotel Acquarius, Marina di Campo, Elba Island","og_description":"The Hotel Acquarius is located just 80 meters from the beautiful sandy beach of Marina di Campo and at the beginning of the the village away.","og_url":"https:\/\/www.hotelacquarius.it\/en\/","og_site_name":"Hotel Acquarius","article_modified_time":"2025-11-13T07:32:52+00:00","twitter_card":"summary_large_image","twitter_misc":{"Est. reading time":"1 minute"},"schema":{"@context":"https:\/\/schema.org","@graph":[{"@type":"WebPage","@id":"https:\/\/www.hotelacquarius.it\/en\/","url":"https:\/\/www.hotelacquarius.it\/en\/","name":"Hotel Acquarius, Marina di Campo, Elba Island","isPartOf":{"@id":"https:\/\/www.hotelacquarius.it\/en\/#website"},"datePublished":"2017-10-11T08:13:39+00:00","dateModified":"2025-11-13T07:32:52+00:00","description":"The Hotel Acquarius is located just 80 meters from the beautiful sandy beach of Marina di Campo and at the beginning of the the village away.","breadcrumb":{"@id":"https:\/\/www.hotelacquarius.it\/en\/#breadcrumb"},"inLanguage":"en-US","potentialAction":[{"@type":"ReadAction","target":["https:\/\/www.hotelacquarius.it\/en\/"]}]},{"@type":"BreadcrumbList","@id":"https:\/\/www.hotelacquarius.it\/en\/#breadcrumb","itemListElement":[{"@type":"ListItem","position":1,"name":"Home","item":"https:\/\/www.hotelacquarius.it\/en\/"},{"@type":"ListItem","position":2,"name":"Home"}]},{"@type":"WebSite","@id":"https:\/\/www.hotelacquarius.it\/en\/#website","url":"https:\/\/www.hotelacquarius.it\/en\/","name":"Hotel Acquarius","description":"Marina di Campo, Isola d&#039;Elba","potentialAction":[{"@type":"SearchAction","target":{"@type":"EntryPoint","urlTemplate":"https:\/\/www.hotelacquarius.it\/en\/?s={search_term_string}"},"query-input":{"@type":"PropertyValueSpecification","valueRequired":true,"valueName":"search_term_string"}}],"inLanguage":"en-US"}]}},"_links":{"self":[{"href":"https:\/\/www.hotelacquarius.it\/en\/wp-json\/wp\/v2\/pages\/1112","targetHints":{"allow":["GET"]}}],"collection":[{"href":"https:\/\/www.hotelacquarius.it\/en\/wp-json\/wp\/v2\/pages"}],"about":[{"href":"https:\/\/www.hotelacquarius.it\/en\/wp-json\/wp\/v2\/types\/page"}],"author":[{"embeddable":true,"href":"https:\/\/www.hotelacquarius.it\/en\/wp-json\/wp\/v2\/users\/1"}],"replies":[{"embeddable":true,"href":"https:\/\/www.hotelacquarius.it\/en\/wp-json\/wp\/v2\/comments?post=1112"}],"version-history":[{"count":6,"href":"https:\/\/www.hotelacquarius.it\/en\/wp-json\/wp\/v2\/pages\/1112\/revisions"}],"predecessor-version":[{"id":1721,"href":"https:\/\/www.hotelacquarius.it\/en\/wp-json\/wp\/v2\/pages\/1112\/revisions\/1721"}],"wp:attachment":[{"href":"https:\/\/www.hotelacquarius.it\/en\/wp-json\/wp\/v2\/media?parent=1112"}],"curies":[{"name":"wp","href":"https:\/\/api.w.org\/{rel}","templated":true}]}}